{"id":1655,"date":"2020-03-13T22:37:56","date_gmt":"2020-03-13T22:37:56","guid":{"rendered":"http:\/\/euseguros.pt\/?page_id=1655"},"modified":"2020-03-14T13:57:26","modified_gmt":"2020-03-14T13:57:26","slug":"coronavirus","status":"publish","type":"page","link":"https:\/\/euseguros.pt\/en\/coronavirus\/","title":{"rendered":"coronavirus"},"content":{"rendered":"<p>[et_pb_section fb_built=&#8221;1&#8243; _builder_version=&#8221;3.0.47&#8243; custom_padding=&#8221;54px|0px|54px|0|false|false&#8221;][et_pb_row _builder_version=&#8221;3.0.47&#8243; background_size=&#8221;initial&#8221; background_position=&#8221;top_left&#8221; background_repeat=&#8221;repeat&#8221;][et_pb_column type=&#8221;4_4&#8243; _builder_version=&#8221;3.3.1&#8243; parallax=&#8221;off&#8221; parallax_method=&#8221;on&#8221;][et_pb_image src=&#8221;http:\/\/euseguros.pt\/wp-content\/uploads\/2020\/03\/esta3.jpg&#8221; _builder_version=&#8221;3.3.1&#8243;][\/et_pb_image][et_pb_text _builder_version=&#8221;3.3.1&#8243;]<\/p>\n<h1><strong><span style=\"color: #000000;\">L\u00ca ISTO, A N\u00c3O SER QUE TENHAS SEGURO DE VIDA<\/span><\/strong><\/h1>\n<p>Nesta altura este v\u00edrus \u00e9 a not\u00edcia n\u00famero um no mundo e motivo de preocupa\u00e7\u00e3o global.<\/p>\n<p>Empresas fechadas, economias estagnadas e pessoas com receios de contamina\u00e7\u00e3o.<\/p>\n<div>De acordo com not\u00edcias mundiais, o n\u00famero de v\u00edtimas mortais em territ\u00f3rio italiano subiu para 1.266. S\u00f3 nas \u00faltimas 24 horas morreram 250 pessoas. H\u00e1 um total de 17.660 infectadas.<\/div>\n<div><\/div>\n<div>Com o sistema de sa\u00fade \u00e0 beira da ruptura, em It\u00e1lia as triagens e os doentes menos graves j\u00e1 s\u00e3o tratados em hospitais de campanha.<\/div>\n<div><\/div>\n<div>Em Portugal, num dia tamb\u00e9m dif\u00edcil, a contagem \u00e0 data de hoje, vai em 112 casos positivos do novo coronav\u00edrus.<\/div>\n<div><\/div>\n<h2><strong>COMO TE PROTEGERES COM UM SEGURO DE VIDA<\/strong><\/h2>\n<div><\/div>\n<div>Se n\u00e3o tens sintomas \u00e9 precisamente o que tens de fazer.<\/div>\n<div>\n<p>Nas declara\u00e7\u00f5es da\u00a0\u00a0Associa\u00e7\u00e3o Portuguesa de Seguradores (APS), a declara\u00e7\u00e3o de pandemia do Covid-19 n\u00e3o exclui coberturas contratadas nos seguros de vida. Ou seja, em caso de morte ou doen\u00e7as graves da pessoa que contrata o seguro de vida, o seguro \u00e9 accionado e o capital vai para a afam\u00edlia.<\/p>\n<p>Os clientes que tenham contratado directamente o seguro de acidentes pessoais em viagem, e se vejam impedidos de viajar por infec\u00e7\u00e3o com o Covid-19, podem, &#8220;na maioria dos casos, acionar esta cobertura, desde que ocorra internamento hospitalar e\/ou quarentena&#8221;.<\/p>\n<\/div>\n<div><\/div>\n<div>Com o n\u00famero de cont\u00e1gios a crescer diariamente pergunto-te:<\/div>\n<div>Se te acontecer alguma coisa e deixares de poder trabalhar, como proteges o rendimento em casa para a tua fam\u00edlia manter o n\u00edvel de vida que tem?<\/div>\n<div><\/div>\n<h3><strong>Usa o simulador abaixo e contrata j\u00e1 um seguro de vida antes que seja tarde.<\/strong><\/h3>\n<p>[\/et_pb_text][et_pb_code _builder_version=&#8221;3.3.1&#8243;][convertcalculator id=&quot;gGv9aL8jQLb7Fom6b&quot;][\/et_pb_code][\/et_pb_column][\/et_pb_row][\/et_pb_section]<\/p>","protected":false},"excerpt":{"rendered":"<p>Protege a tua fam\u00edlia do coronavirus com um seguro de vida familiar. <\/p>","protected":false},"author":1,"featured_media":1656,"parent":0,"menu_order":0,"comment_status":"closed","ping_status":"closed","template":"","meta":{"_et_pb_use_builder":"on","_et_pb_old_content":"","_et_gb_content_width":"","footnotes":""},"yoast_head":"<!-- This site is optimized with the Yoast SEO plugin v21.8 - https:\/\/yoast.com\/wordpress\/plugins\/seo\/ -->\n<title>coronavirus - EU Seguros<\/title>\n<meta name=\"description\" content=\"Protege a tua fam\u00edlia do coronavirus com um seguro de vida familiar. Sabe mais aqui.\" \/>\n<meta name=\"robots\" content=\"index, follow, max-snippet:-1, max-image-preview:large, max-video-preview:-1\" \/>\n<link rel=\"canonical\" href=\"https:\/\/euseguros.pt\/en\/coronavirus\/\" \/>\n<meta property=\"og:locale\" content=\"en_US\" \/>\n<meta property=\"og:type\" content=\"article\" \/>\n<meta property=\"og:title\" content=\"coronavirus - EU Seguros\" \/>\n<meta property=\"og:description\" content=\"Protege a tua fam\u00edlia do coronavirus com um seguro de vida familiar. Sabe mais aqui.\" \/>\n<meta property=\"og:url\" content=\"https:\/\/euseguros.pt\/en\/coronavirus\/\" \/>\n<meta property=\"og:site_name\" content=\"EU Seguros\" \/>\n<meta property=\"article:publisher\" content=\"https:\/\/facebook.com\/eusegurosportugal\" \/>\n<meta property=\"article:modified_time\" content=\"2020-03-14T13:57:26+00:00\" \/>\n<meta property=\"og:image\" content=\"https:\/\/euseguros.pt\/wp-content\/uploads\/2020\/03\/Add-a-heading.png\" \/>\n\t<meta property=\"og:image:width\" content=\"2000\" \/>\n\t<meta property=\"og:image:height\" content=\"1414\" \/>\n\t<meta property=\"og:image:type\" content=\"image\/png\" \/>\n<meta name=\"twitter:card\" content=\"summary_large_image\" \/>\n<meta name=\"twitter:label1\" content=\"Est. reading time\" \/>\n\t<meta name=\"twitter:data1\" content=\"2 minutes\" \/>\n<script type=\"application\/ld+json\" class=\"yoast-schema-graph\">{\"@context\":\"https:\/\/schema.org\",\"@graph\":[{\"@type\":\"WebPage\",\"@id\":\"https:\/\/euseguros.pt\/coronavirus\/\",\"url\":\"https:\/\/euseguros.pt\/coronavirus\/\",\"name\":\"coronavirus - EU Seguros\",\"isPartOf\":{\"@id\":\"https:\/\/euseguros.pt\/#website\"},\"datePublished\":\"2020-03-13T22:37:56+00:00\",\"dateModified\":\"2020-03-14T13:57:26+00:00\",\"description\":\"Protege a tua fam\u00edlia do coronavirus com um seguro de vida familiar. Sabe mais aqui.\",\"breadcrumb\":{\"@id\":\"https:\/\/euseguros.pt\/coronavirus\/#breadcrumb\"},\"inLanguage\":\"en-US\",\"potentialAction\":[{\"@type\":\"ReadAction\",\"target\":[\"https:\/\/euseguros.pt\/coronavirus\/\"]}]},{\"@type\":\"BreadcrumbList\",\"@id\":\"https:\/\/euseguros.pt\/coronavirus\/#breadcrumb\",\"itemListElement\":[{\"@type\":\"ListItem\",\"position\":1,\"name\":\"Home\",\"item\":\"https:\/\/euseguros.pt\/\"},{\"@type\":\"ListItem\",\"position\":2,\"name\":\"coronavirus\"}]},{\"@type\":\"WebSite\",\"@id\":\"https:\/\/euseguros.pt\/#website\",\"url\":\"https:\/\/euseguros.pt\/\",\"name\":\"EU Seguros\",\"description\":\"Independent Financial Advisory Services\",\"publisher\":{\"@id\":\"https:\/\/euseguros.pt\/#organization\"},\"potentialAction\":[{\"@type\":\"SearchAction\",\"target\":{\"@type\":\"EntryPoint\",\"urlTemplate\":\"https:\/\/euseguros.pt\/?s={search_term_string}\"},\"query-input\":\"required name=search_term_string\"}],\"inLanguage\":\"en-US\"},{\"@type\":\"Organization\",\"@id\":\"https:\/\/euseguros.pt\/#organization\",\"name\":\"Eu Seguros\",\"url\":\"https:\/\/euseguros.pt\/\",\"logo\":{\"@type\":\"ImageObject\",\"inLanguage\":\"en-US\",\"@id\":\"https:\/\/euseguros.pt\/#\/schema\/logo\/image\/\",\"url\":\"http:\/\/euseguros.pt\/wp-content\/uploads\/2019\/09\/Empresas-a-Criar.png\",\"contentUrl\":\"http:\/\/euseguros.pt\/wp-content\/uploads\/2019\/09\/Empresas-a-Criar.png\",\"width\":500,\"height\":500,\"caption\":\"Eu Seguros\"},\"image\":{\"@id\":\"https:\/\/euseguros.pt\/#\/schema\/logo\/image\/\"},\"sameAs\":[\"https:\/\/facebook.com\/eusegurosportugal\"]}]}<\/script>\n<!-- \/ Yoast SEO plugin. -->","yoast_head_json":{"title":"coronavirus - EU Seguros","description":"Protege a tua fam\u00edlia do coronavirus com um seguro de vida familiar. Sabe mais aqui.","robots":{"index":"index","follow":"follow","max-snippet":"max-snippet:-1","max-image-preview":"max-image-preview:large","max-video-preview":"max-video-preview:-1"},"canonical":"https:\/\/euseguros.pt\/en\/coronavirus\/","og_locale":"en_US","og_type":"article","og_title":"coronavirus - EU Seguros","og_description":"Protege a tua fam\u00edlia do coronavirus com um seguro de vida familiar. Sabe mais aqui.","og_url":"https:\/\/euseguros.pt\/en\/coronavirus\/","og_site_name":"EU Seguros","article_publisher":"https:\/\/facebook.com\/eusegurosportugal","article_modified_time":"2020-03-14T13:57:26+00:00","og_image":[{"width":2000,"height":1414,"url":"https:\/\/euseguros.pt\/wp-content\/uploads\/2020\/03\/Add-a-heading.png","type":"image\/png"}],"twitter_card":"summary_large_image","twitter_misc":{"Est. reading time":"2 minutes"},"schema":{"@context":"https:\/\/schema.org","@graph":[{"@type":"WebPage","@id":"https:\/\/euseguros.pt\/coronavirus\/","url":"https:\/\/euseguros.pt\/coronavirus\/","name":"coronavirus - EU Seguros","isPartOf":{"@id":"https:\/\/euseguros.pt\/#website"},"datePublished":"2020-03-13T22:37:56+00:00","dateModified":"2020-03-14T13:57:26+00:00","description":"Protege a tua fam\u00edlia do coronavirus com um seguro de vida familiar. Sabe mais aqui.","breadcrumb":{"@id":"https:\/\/euseguros.pt\/coronavirus\/#breadcrumb"},"inLanguage":"en-US","potentialAction":[{"@type":"ReadAction","target":["https:\/\/euseguros.pt\/coronavirus\/"]}]},{"@type":"BreadcrumbList","@id":"https:\/\/euseguros.pt\/coronavirus\/#breadcrumb","itemListElement":[{"@type":"ListItem","position":1,"name":"Home","item":"https:\/\/euseguros.pt\/"},{"@type":"ListItem","position":2,"name":"coronavirus"}]},{"@type":"WebSite","@id":"https:\/\/euseguros.pt\/#website","url":"https:\/\/euseguros.pt\/","name":"EU Seguros","description":"Independent Financial Advisory Services","publisher":{"@id":"https:\/\/euseguros.pt\/#organization"},"potentialAction":[{"@type":"SearchAction","target":{"@type":"EntryPoint","urlTemplate":"https:\/\/euseguros.pt\/?s={search_term_string}"},"query-input":"required name=search_term_string"}],"inLanguage":"en-US"},{"@type":"Organization","@id":"https:\/\/euseguros.pt\/#organization","name":"Eu Seguros","url":"https:\/\/euseguros.pt\/","logo":{"@type":"ImageObject","inLanguage":"en-US","@id":"https:\/\/euseguros.pt\/#\/schema\/logo\/image\/","url":"http:\/\/euseguros.pt\/wp-content\/uploads\/2019\/09\/Empresas-a-Criar.png","contentUrl":"http:\/\/euseguros.pt\/wp-content\/uploads\/2019\/09\/Empresas-a-Criar.png","width":500,"height":500,"caption":"Eu Seguros"},"image":{"@id":"https:\/\/euseguros.pt\/#\/schema\/logo\/image\/"},"sameAs":["https:\/\/facebook.com\/eusegurosportugal"]}]}},"_links":{"self":[{"href":"https:\/\/euseguros.pt\/en\/wp-json\/wp\/v2\/pages\/1655"}],"collection":[{"href":"https:\/\/euseguros.pt\/en\/wp-json\/wp\/v2\/pages"}],"about":[{"href":"https:\/\/euseguros.pt\/en\/wp-json\/wp\/v2\/types\/page"}],"author":[{"embeddable":true,"href":"https:\/\/euseguros.pt\/en\/wp-json\/wp\/v2\/users\/1"}],"replies":[{"embeddable":true,"href":"https:\/\/euseguros.pt\/en\/wp-json\/wp\/v2\/comments?post=1655"}],"version-history":[{"count":0,"href":"https:\/\/euseguros.pt\/en\/wp-json\/wp\/v2\/pages\/1655\/revisions"}],"wp:featuredmedia":[{"embeddable":true,"href":"https:\/\/euseguros.pt\/en\/wp-json\/wp\/v2\/media\/1656"}],"wp:attachment":[{"href":"https:\/\/euseguros.pt\/en\/wp-json\/wp\/v2\/media?parent=1655"}],"curies":[{"name":"wp","href":"https:\/\/api.w.org\/{rel}","templated":true}]}}