{"id":1681,"date":"2020-03-16T07:16:49","date_gmt":"2020-03-16T07:16:49","guid":{"rendered":"http:\/\/euseguros.pt\/?page_id=1681"},"modified":"2020-06-07T13:25:37","modified_gmt":"2020-06-07T13:25:37","slug":"recrutamento","status":"publish","type":"page","link":"https:\/\/euseguros.pt\/en\/recrutamento\/","title":{"rendered":"colabora connosco"},"content":{"rendered":"<p>[et_pb_section fb_built=&#8221;1&#8243; _builder_version=&#8221;3.22&#8243;][et_pb_row _builder_version=&#8221;3.25&#8243; background_size=&#8221;initial&#8221; background_position=&#8221;top_left&#8221; background_repeat=&#8221;repeat&#8221;][et_pb_column type=&#8221;4_4&#8243; _builder_version=&#8221;3.25&#8243; custom_padding=&#8221;|||&#8221; custom_padding__hover=&#8221;|||&#8221;][et_pb_text _builder_version=&#8221;4.4.3&#8243; hover_enabled=&#8221;0&#8243;]<\/p>\n<h1><strong>Queres colaborar connosco?<\/strong><\/h1>\n<p>Est\u00e1s a come\u00e7ar novamente?<\/p>\n<p>Procuras rendimento extra imediato?<\/p>\n<p>Vieste ao s\u00edtio certo. Ser consultor de seguros de vida \u00e9 uma carreira com centenas de anos e resultados comprovados. \u00c9 um dos caminhos mais usados para obter liberdade financeira.\u00a0<\/p>\n<p>Mas antes de falarmos, deves saber que este n\u00e3o \u00e9 um caminho para todos.<\/p>\n<p>Diferentes tipos de pessoas t\u00eam diferentes tipos de personalidade. E uns adaptam-se melhor a esta carreira que outros.<\/p>\n<p>Se queres mesmo colaborar connosco, o primeiro passo \u00e9 preencheres o formul\u00e1rio abaixo. Ser\u00e1s contactado por n\u00f3s se passares neste desafio.<\/p>\n<p>[\/et_pb_text][\/et_pb_column][\/et_pb_row][et_pb_row _builder_version=&#8221;4.4.3&#8243;][et_pb_column _builder_version=&#8221;4.4.3&#8243; type=&#8221;4_4&#8243;][et_pb_code _builder_version=&#8221;4.4.3&#8243; module_alignment=&#8221;left&#8221; hover_enabled=&#8221;0&#8243;]<iframe src=\"https:\/\/docs.google.com\/forms\/d\/e\/1FAIpQLScmnrBLTZKktuPn78Azr-CUPyVyH5HxKrzXUl9zrZSmiv_EQw\/viewform?embedded=true\" width=\"640\" height=\"4647\" frameborder=\"0\" marginheight=\"0\" marginwidth=\"0\">Loading\u2026<\/iframe>[\/et_pb_code][\/et_pb_column][\/et_pb_row][\/et_pb_section]<\/p>","protected":false},"excerpt":{"rendered":"<p>Precisas de rendimento extra? Colabora connosco. Preenche aqui a tua candidatura de recrutamento.<\/p>","protected":false},"author":1,"featured_media":0,"parent":0,"menu_order":0,"comment_status":"closed","ping_status":"closed","template":"","meta":{"_et_pb_use_builder":"on","_et_pb_old_content":"","_et_gb_content_width":"","footnotes":""},"yoast_head":"<!-- This site is optimized with the Yoast SEO plugin v21.8 - https:\/\/yoast.com\/wordpress\/plugins\/seo\/ -->\n<title>colabora connosco - EU Seguros<\/title>\n<meta name=\"description\" content=\"Precisas de rendimento extra? Colabora connosco. Preenche aqui a tua candidatura de recrutamento.\" \/>\n<meta name=\"robots\" content=\"index, follow, max-snippet:-1, max-image-preview:large, max-video-preview:-1\" \/>\n<link rel=\"canonical\" href=\"https:\/\/euseguros.pt\/en\/recrutamento\/\" \/>\n<meta property=\"og:locale\" content=\"en_US\" \/>\n<meta property=\"og:type\" content=\"article\" \/>\n<meta property=\"og:title\" content=\"colabora connosco - EU Seguros\" \/>\n<meta property=\"og:description\" content=\"Precisas de rendimento extra? Colabora connosco. Preenche aqui a tua candidatura de recrutamento.\" \/>\n<meta property=\"og:url\" content=\"https:\/\/euseguros.pt\/en\/recrutamento\/\" \/>\n<meta property=\"og:site_name\" content=\"EU Seguros\" \/>\n<meta property=\"article:publisher\" content=\"https:\/\/facebook.com\/eusegurosportugal\" \/>\n<meta property=\"article:modified_time\" content=\"2020-06-07T13:25:37+00:00\" \/>\n<meta name=\"twitter:card\" content=\"summary_large_image\" \/>\n<meta name=\"twitter:label1\" content=\"Est. reading time\" \/>\n\t<meta name=\"twitter:data1\" content=\"1 minute\" \/>\n<script type=\"application\/ld+json\" class=\"yoast-schema-graph\">{\"@context\":\"https:\/\/schema.org\",\"@graph\":[{\"@type\":\"WebPage\",\"@id\":\"https:\/\/euseguros.pt\/recrutamento\/\",\"url\":\"https:\/\/euseguros.pt\/recrutamento\/\",\"name\":\"colabora connosco - EU Seguros\",\"isPartOf\":{\"@id\":\"https:\/\/euseguros.pt\/#website\"},\"datePublished\":\"2020-03-16T07:16:49+00:00\",\"dateModified\":\"2020-06-07T13:25:37+00:00\",\"description\":\"Precisas de rendimento extra? Colabora connosco. Preenche aqui a tua candidatura de recrutamento.\",\"breadcrumb\":{\"@id\":\"https:\/\/euseguros.pt\/recrutamento\/#breadcrumb\"},\"inLanguage\":\"en-US\",\"potentialAction\":[{\"@type\":\"ReadAction\",\"target\":[\"https:\/\/euseguros.pt\/recrutamento\/\"]}]},{\"@type\":\"BreadcrumbList\",\"@id\":\"https:\/\/euseguros.pt\/recrutamento\/#breadcrumb\",\"itemListElement\":[{\"@type\":\"ListItem\",\"position\":1,\"name\":\"Home\",\"item\":\"https:\/\/euseguros.pt\/\"},{\"@type\":\"ListItem\",\"position\":2,\"name\":\"colabora connosco\"}]},{\"@type\":\"WebSite\",\"@id\":\"https:\/\/euseguros.pt\/#website\",\"url\":\"https:\/\/euseguros.pt\/\",\"name\":\"EU Seguros\",\"description\":\"Independent Financial Advisory Services\",\"publisher\":{\"@id\":\"https:\/\/euseguros.pt\/#organization\"},\"potentialAction\":[{\"@type\":\"SearchAction\",\"target\":{\"@type\":\"EntryPoint\",\"urlTemplate\":\"https:\/\/euseguros.pt\/?s={search_term_string}\"},\"query-input\":\"required name=search_term_string\"}],\"inLanguage\":\"en-US\"},{\"@type\":\"Organization\",\"@id\":\"https:\/\/euseguros.pt\/#organization\",\"name\":\"Eu Seguros\",\"url\":\"https:\/\/euseguros.pt\/\",\"logo\":{\"@type\":\"ImageObject\",\"inLanguage\":\"en-US\",\"@id\":\"https:\/\/euseguros.pt\/#\/schema\/logo\/image\/\",\"url\":\"http:\/\/euseguros.pt\/wp-content\/uploads\/2019\/09\/Empresas-a-Criar.png\",\"contentUrl\":\"http:\/\/euseguros.pt\/wp-content\/uploads\/2019\/09\/Empresas-a-Criar.png\",\"width\":500,\"height\":500,\"caption\":\"Eu Seguros\"},\"image\":{\"@id\":\"https:\/\/euseguros.pt\/#\/schema\/logo\/image\/\"},\"sameAs\":[\"https:\/\/facebook.com\/eusegurosportugal\"]}]}<\/script>\n<!-- \/ Yoast SEO plugin. -->","yoast_head_json":{"title":"colabora connosco - EU Seguros","description":"Precisas de rendimento extra? Colabora connosco. Preenche aqui a tua candidatura de recrutamento.","robots":{"index":"index","follow":"follow","max-snippet":"max-snippet:-1","max-image-preview":"max-image-preview:large","max-video-preview":"max-video-preview:-1"},"canonical":"https:\/\/euseguros.pt\/en\/recrutamento\/","og_locale":"en_US","og_type":"article","og_title":"colabora connosco - EU Seguros","og_description":"Precisas de rendimento extra? Colabora connosco. Preenche aqui a tua candidatura de recrutamento.","og_url":"https:\/\/euseguros.pt\/en\/recrutamento\/","og_site_name":"EU Seguros","article_publisher":"https:\/\/facebook.com\/eusegurosportugal","article_modified_time":"2020-06-07T13:25:37+00:00","twitter_card":"summary_large_image","twitter_misc":{"Est. reading time":"1 minute"},"schema":{"@context":"https:\/\/schema.org","@graph":[{"@type":"WebPage","@id":"https:\/\/euseguros.pt\/recrutamento\/","url":"https:\/\/euseguros.pt\/recrutamento\/","name":"colabora connosco - EU Seguros","isPartOf":{"@id":"https:\/\/euseguros.pt\/#website"},"datePublished":"2020-03-16T07:16:49+00:00","dateModified":"2020-06-07T13:25:37+00:00","description":"Precisas de rendimento extra? Colabora connosco. Preenche aqui a tua candidatura de recrutamento.","breadcrumb":{"@id":"https:\/\/euseguros.pt\/recrutamento\/#breadcrumb"},"inLanguage":"en-US","potentialAction":[{"@type":"ReadAction","target":["https:\/\/euseguros.pt\/recrutamento\/"]}]},{"@type":"BreadcrumbList","@id":"https:\/\/euseguros.pt\/recrutamento\/#breadcrumb","itemListElement":[{"@type":"ListItem","position":1,"name":"Home","item":"https:\/\/euseguros.pt\/"},{"@type":"ListItem","position":2,"name":"colabora connosco"}]},{"@type":"WebSite","@id":"https:\/\/euseguros.pt\/#website","url":"https:\/\/euseguros.pt\/","name":"EU Seguros","description":"Independent Financial Advisory Services","publisher":{"@id":"https:\/\/euseguros.pt\/#organization"},"potentialAction":[{"@type":"SearchAction","target":{"@type":"EntryPoint","urlTemplate":"https:\/\/euseguros.pt\/?s={search_term_string}"},"query-input":"required name=search_term_string"}],"inLanguage":"en-US"},{"@type":"Organization","@id":"https:\/\/euseguros.pt\/#organization","name":"Eu Seguros","url":"https:\/\/euseguros.pt\/","logo":{"@type":"ImageObject","inLanguage":"en-US","@id":"https:\/\/euseguros.pt\/#\/schema\/logo\/image\/","url":"http:\/\/euseguros.pt\/wp-content\/uploads\/2019\/09\/Empresas-a-Criar.png","contentUrl":"http:\/\/euseguros.pt\/wp-content\/uploads\/2019\/09\/Empresas-a-Criar.png","width":500,"height":500,"caption":"Eu Seguros"},"image":{"@id":"https:\/\/euseguros.pt\/#\/schema\/logo\/image\/"},"sameAs":["https:\/\/facebook.com\/eusegurosportugal"]}]}},"_links":{"self":[{"href":"https:\/\/euseguros.pt\/en\/wp-json\/wp\/v2\/pages\/1681"}],"collection":[{"href":"https:\/\/euseguros.pt\/en\/wp-json\/wp\/v2\/pages"}],"about":[{"href":"https:\/\/euseguros.pt\/en\/wp-json\/wp\/v2\/types\/page"}],"author":[{"embeddable":true,"href":"https:\/\/euseguros.pt\/en\/wp-json\/wp\/v2\/users\/1"}],"replies":[{"embeddable":true,"href":"https:\/\/euseguros.pt\/en\/wp-json\/wp\/v2\/comments?post=1681"}],"version-history":[{"count":0,"href":"https:\/\/euseguros.pt\/en\/wp-json\/wp\/v2\/pages\/1681\/revisions"}],"wp:attachment":[{"href":"https:\/\/euseguros.pt\/en\/wp-json\/wp\/v2\/media?parent=1681"}],"curies":[{"name":"wp","href":"https:\/\/api.w.org\/{rel}","templated":true}]}}