{"id":1877,"date":"2020-03-29T18:19:37","date_gmt":"2020-03-29T18:19:37","guid":{"rendered":"http:\/\/euseguros.pt\/?page_id=1877"},"modified":"2025-01-22T09:30:47","modified_gmt":"2025-01-22T09:30:47","slug":"termos-de-privacidade-politicas-de-cookies","status":"publish","type":"page","link":"https:\/\/euseguros.pt\/en\/termos-de-privacidade-politicas-de-cookies\/","title":{"rendered":"termos de privacidade politicas de cookies"},"content":{"rendered":"<p>[et_pb_section fb_built=&#8221;1&#8243; _builder_version=&#8221;4.16&#8243; global_colors_info=&#8221;{}&#8221;][et_pb_row _builder_version=&#8221;4.16&#8243; background_size=&#8221;initial&#8221; background_position=&#8221;top_left&#8221; background_repeat=&#8221;repeat&#8221; global_colors_info=&#8221;{}&#8221;][et_pb_column type=&#8221;4_4&#8243; _builder_version=&#8221;4.16&#8243; custom_padding=&#8221;|||&#8221; global_colors_info=&#8221;{}&#8221; custom_padding__hover=&#8221;|||&#8221;][et_pb_text _builder_version=&#8221;4.21.0&#8243; hover_enabled=&#8221;0&#8243; global_colors_info=&#8221;{}&#8221; sticky_enabled=&#8221;0&#8243;]<\/p>\n<p>Termos de Privacidade &#8211; Pol\u00edticas de Cookies<\/p>\n<p>Tendo como objetivo a presta\u00e7\u00e3o de um servi\u00e7o de qualidade, garantindo a confidencialidade e a seguran\u00e7a dos dados pessoais, a entidade\u00a0Diogo de Lemos Marques Ferreira (daqui em diante designado por \u201cEU Seguros\u201d, &#8220;site&#8221; ou &#8220;o site&#8221;) estabelece o seguinte compromisso de privacidade, respeitando as normas \u00e9ticas e legais em vigor definidas pela Comiss\u00e3o Nacional de Prote\u00e7\u00e3o de Dados nos termos da Lei 67\/98, de 26 de outubro.<\/p>\n<p>Recolha e Tratamento de Dados Pessoais<\/p>\n<p>Os dados pessoais recolhidos e tratados pelo\u00a0site s\u00e3o os que forem voluntariamente colocados nos formul\u00e1rios do site http:\/\/euseguros.pt. O preenchimento destes dados pode ser necess\u00e1rio ao acesso ou obten\u00e7\u00e3o de determinados conte\u00fados ou servi\u00e7os.<\/p>\n<p>Os dados pessoais recolhidos nos formul\u00e1rios s\u00e3o nome, telefone, telem\u00f3vel, email e data de nascimento e s\u00e3o\u00a0processados automaticamente.<\/p>\n<p>Finalidade do Tratamento dos Dados Pessoais<\/p>\n<p>A finalidade da recolha e do tratamento dos dados pessoais recolhidos \u00e9 a satisfa\u00e7\u00e3o dos servi\u00e7os solicitados pelos utilizadores dos s\u00edtios da internet bem como para a realiza\u00e7\u00e3o de a\u00e7\u00f5es de marketing direto. Assim, os dados assim recolhidos ser\u00e3o os estritamente necess\u00e1rios para os fins determinados e ser\u00e3o apenas tratados para aquelas finalidades determinadas n\u00e3o sendo posteriormente tratados de forma incompat\u00edvel.<\/p>\n<p>O\u00a0siteest\u00e1 obrigado e respeita o sigilo profissional relativamente aos dados pessoais tratados.<\/p>\n<p>Marketing Direto e Comunica\u00e7\u00e3o de Dados a Terceiros<\/p>\n<p>Ao colocar a refer\u00eancia na aceita\u00e7\u00e3o das condi\u00e7\u00f5es de privacidade presentes nos formul\u00e1rios est\u00e1 a consentir em receber comunica\u00e7\u00f5es eletr\u00f3nicas e\/ou telef\u00f3nicas de marketing direto para os dados recolhidos nos formul\u00e1rios quer do\u00a0Grupo Marques Seguros quer dos seus parceiros, diretamente por estes ou por outro interm\u00e9dio, consentindo que o\u00a0Grupo Marques Seguros possa transmitir os dados aos seus parceiros para os fins deste site.<\/p>\n<p>Os dados pessoais recolhidos atrav\u00e9s do s\u00edtio http:\/\/euseguros.pt s\u00e3o eliminados no prazo de 3 meses a contar da data do respetivo preenchimento e envio, nos casos em que o utilizador n\u00e3o tenha manifestado inten\u00e7\u00e3o de contratar os servi\u00e7os prestados pelo site.<\/p>\n<p>Nos termos da Lei \u00e9-lhe garantido o direito de acesso, elimina\u00e7\u00e3o e retifica\u00e7\u00e3o dos seus dados, a exercer, junto do site, com sede em Rua Dr. Pereira Coutinho, 64 2750-048 Alcabideche, registada no registo comercial com o n\u00famero de pessoa coletiva 222585560. O site implementou ainda medidas de seguran\u00e7a contra o acesso, a altera\u00e7\u00e3o, a divulga\u00e7\u00e3o e\/ou a destrui\u00e7\u00e3o de dados de forma n\u00e3o autorizada sendo que o s\u00edtio na Internet e os dados pessoais fornecidos pelos utilizadores s\u00e3o devidamente armazenados num ambiente de elevado n\u00edvel de seguran\u00e7a, garantindo a prote\u00e7\u00e3o e confidencialidade dos mesmos. Independentemente das medidas de seguran\u00e7a implementadas e constantemente melhoradas, o site adverte que a circula\u00e7\u00e3o dos dados em redes abertas pode permitir a visualiza\u00e7\u00e3o ou utiliza\u00e7\u00e3o dos dados por terceiros.<\/p>\n<p>[\/et_pb_text][\/et_pb_column][\/et_pb_row][\/et_pb_section]<\/p>","protected":false},"excerpt":{"rendered":"<p>Termos de Privacidade &#8211; Pol\u00edticas de Cookies Tendo como objetivo a presta\u00e7\u00e3o de um servi\u00e7o de qualidade, garantindo a confidencialidade e a seguran\u00e7a dos dados pessoais, a entidade\u00a0Diogo de Lemos Marques Ferreira (daqui em diante designado por \u201cEU Seguros\u201d, &#8220;site&#8221; ou &#8220;o site&#8221;) estabelece o seguinte compromisso de privacidade, respeitando as normas \u00e9ticas e legais [&hellip;]<\/p>","protected":false},"author":1,"featured_media":0,"parent":0,"menu_order":0,"comment_status":"closed","ping_status":"closed","template":"","meta":{"_et_pb_use_builder":"on","_et_pb_old_content":"","_et_gb_content_width":"","footnotes":""},"yoast_head":"<!-- This site is optimized with the Yoast SEO plugin v21.8 - https:\/\/yoast.com\/wordpress\/plugins\/seo\/ -->\n<title>termos de privacidade politicas de cookies - EU Seguros<\/title>\n<meta name=\"robots\" content=\"index, follow, max-snippet:-1, max-image-preview:large, max-video-preview:-1\" \/>\n<link rel=\"canonical\" href=\"https:\/\/euseguros.pt\/en\/termos-de-privacidade-politicas-de-cookies\/\" \/>\n<meta property=\"og:locale\" content=\"en_US\" \/>\n<meta property=\"og:type\" content=\"article\" \/>\n<meta property=\"og:title\" content=\"termos de privacidade politicas de cookies - EU Seguros\" \/>\n<meta property=\"og:description\" content=\"Termos de Privacidade - Pol\u00edticas de Cookies Tendo como objetivo a presta\u00e7\u00e3o de um servi\u00e7o de qualidade, garantindo a confidencialidade e a seguran\u00e7a dos dados pessoais, a entidade\u00a0Diogo de Lemos Marques Ferreira (daqui em diante designado por \u201cEU Seguros\u201d, &quot;site&quot; ou &quot;o site&quot;) estabelece o seguinte compromisso de privacidade, respeitando as normas \u00e9ticas e legais [&hellip;]\" \/>\n<meta property=\"og:url\" content=\"https:\/\/euseguros.pt\/en\/termos-de-privacidade-politicas-de-cookies\/\" \/>\n<meta property=\"og:site_name\" content=\"EU Seguros\" \/>\n<meta property=\"article:publisher\" content=\"https:\/\/facebook.com\/eusegurosportugal\" \/>\n<meta property=\"article:modified_time\" content=\"2025-01-22T09:30:47+00:00\" \/>\n<meta name=\"twitter:card\" content=\"summary_large_image\" \/>\n<meta name=\"twitter:label1\" content=\"Est. reading time\" \/>\n\t<meta name=\"twitter:data1\" content=\"3 minutes\" \/>\n<script type=\"application\/ld+json\" class=\"yoast-schema-graph\">{\"@context\":\"https:\/\/schema.org\",\"@graph\":[{\"@type\":\"WebPage\",\"@id\":\"https:\/\/euseguros.pt\/termos-de-privacidade-politicas-de-cookies\/\",\"url\":\"https:\/\/euseguros.pt\/termos-de-privacidade-politicas-de-cookies\/\",\"name\":\"termos de privacidade politicas de cookies - EU Seguros\",\"isPartOf\":{\"@id\":\"https:\/\/euseguros.pt\/#website\"},\"datePublished\":\"2020-03-29T18:19:37+00:00\",\"dateModified\":\"2025-01-22T09:30:47+00:00\",\"breadcrumb\":{\"@id\":\"https:\/\/euseguros.pt\/termos-de-privacidade-politicas-de-cookies\/#breadcrumb\"},\"inLanguage\":\"en-US\",\"potentialAction\":[{\"@type\":\"ReadAction\",\"target\":[\"https:\/\/euseguros.pt\/termos-de-privacidade-politicas-de-cookies\/\"]}]},{\"@type\":\"BreadcrumbList\",\"@id\":\"https:\/\/euseguros.pt\/termos-de-privacidade-politicas-de-cookies\/#breadcrumb\",\"itemListElement\":[{\"@type\":\"ListItem\",\"position\":1,\"name\":\"Home\",\"item\":\"https:\/\/euseguros.pt\/\"},{\"@type\":\"ListItem\",\"position\":2,\"name\":\"termos de privacidade politicas de cookies\"}]},{\"@type\":\"WebSite\",\"@id\":\"https:\/\/euseguros.pt\/#website\",\"url\":\"https:\/\/euseguros.pt\/\",\"name\":\"EU Seguros\",\"description\":\"Independent Financial Advisory Services\",\"publisher\":{\"@id\":\"https:\/\/euseguros.pt\/#organization\"},\"potentialAction\":[{\"@type\":\"SearchAction\",\"target\":{\"@type\":\"EntryPoint\",\"urlTemplate\":\"https:\/\/euseguros.pt\/?s={search_term_string}\"},\"query-input\":\"required name=search_term_string\"}],\"inLanguage\":\"en-US\"},{\"@type\":\"Organization\",\"@id\":\"https:\/\/euseguros.pt\/#organization\",\"name\":\"Eu Seguros\",\"url\":\"https:\/\/euseguros.pt\/\",\"logo\":{\"@type\":\"ImageObject\",\"inLanguage\":\"en-US\",\"@id\":\"https:\/\/euseguros.pt\/#\/schema\/logo\/image\/\",\"url\":\"http:\/\/euseguros.pt\/wp-content\/uploads\/2019\/09\/Empresas-a-Criar.png\",\"contentUrl\":\"http:\/\/euseguros.pt\/wp-content\/uploads\/2019\/09\/Empresas-a-Criar.png\",\"width\":500,\"height\":500,\"caption\":\"Eu Seguros\"},\"image\":{\"@id\":\"https:\/\/euseguros.pt\/#\/schema\/logo\/image\/\"},\"sameAs\":[\"https:\/\/facebook.com\/eusegurosportugal\"]}]}<\/script>\n<!-- \/ Yoast SEO plugin. -->","yoast_head_json":{"title":"termos de privacidade politicas de cookies - EU Seguros","robots":{"index":"index","follow":"follow","max-snippet":"max-snippet:-1","max-image-preview":"max-image-preview:large","max-video-preview":"max-video-preview:-1"},"canonical":"https:\/\/euseguros.pt\/en\/termos-de-privacidade-politicas-de-cookies\/","og_locale":"en_US","og_type":"article","og_title":"termos de privacidade politicas de cookies - EU Seguros","og_description":"Termos de Privacidade - Pol\u00edticas de Cookies Tendo como objetivo a presta\u00e7\u00e3o de um servi\u00e7o de qualidade, garantindo a confidencialidade e a seguran\u00e7a dos dados pessoais, a entidade\u00a0Diogo de Lemos Marques Ferreira (daqui em diante designado por \u201cEU Seguros\u201d, \"site\" ou \"o site\") estabelece o seguinte compromisso de privacidade, respeitando as normas \u00e9ticas e legais [&hellip;]","og_url":"https:\/\/euseguros.pt\/en\/termos-de-privacidade-politicas-de-cookies\/","og_site_name":"EU Seguros","article_publisher":"https:\/\/facebook.com\/eusegurosportugal","article_modified_time":"2025-01-22T09:30:47+00:00","twitter_card":"summary_large_image","twitter_misc":{"Est. reading time":"3 minutes"},"schema":{"@context":"https:\/\/schema.org","@graph":[{"@type":"WebPage","@id":"https:\/\/euseguros.pt\/termos-de-privacidade-politicas-de-cookies\/","url":"https:\/\/euseguros.pt\/termos-de-privacidade-politicas-de-cookies\/","name":"termos de privacidade politicas de cookies - EU Seguros","isPartOf":{"@id":"https:\/\/euseguros.pt\/#website"},"datePublished":"2020-03-29T18:19:37+00:00","dateModified":"2025-01-22T09:30:47+00:00","breadcrumb":{"@id":"https:\/\/euseguros.pt\/termos-de-privacidade-politicas-de-cookies\/#breadcrumb"},"inLanguage":"en-US","potentialAction":[{"@type":"ReadAction","target":["https:\/\/euseguros.pt\/termos-de-privacidade-politicas-de-cookies\/"]}]},{"@type":"BreadcrumbList","@id":"https:\/\/euseguros.pt\/termos-de-privacidade-politicas-de-cookies\/#breadcrumb","itemListElement":[{"@type":"ListItem","position":1,"name":"Home","item":"https:\/\/euseguros.pt\/"},{"@type":"ListItem","position":2,"name":"termos de privacidade politicas de cookies"}]},{"@type":"WebSite","@id":"https:\/\/euseguros.pt\/#website","url":"https:\/\/euseguros.pt\/","name":"EU Seguros","description":"Independent Financial Advisory Services","publisher":{"@id":"https:\/\/euseguros.pt\/#organization"},"potentialAction":[{"@type":"SearchAction","target":{"@type":"EntryPoint","urlTemplate":"https:\/\/euseguros.pt\/?s={search_term_string}"},"query-input":"required name=search_term_string"}],"inLanguage":"en-US"},{"@type":"Organization","@id":"https:\/\/euseguros.pt\/#organization","name":"Eu Seguros","url":"https:\/\/euseguros.pt\/","logo":{"@type":"ImageObject","inLanguage":"en-US","@id":"https:\/\/euseguros.pt\/#\/schema\/logo\/image\/","url":"http:\/\/euseguros.pt\/wp-content\/uploads\/2019\/09\/Empresas-a-Criar.png","contentUrl":"http:\/\/euseguros.pt\/wp-content\/uploads\/2019\/09\/Empresas-a-Criar.png","width":500,"height":500,"caption":"Eu Seguros"},"image":{"@id":"https:\/\/euseguros.pt\/#\/schema\/logo\/image\/"},"sameAs":["https:\/\/facebook.com\/eusegurosportugal"]}]}},"_links":{"self":[{"href":"https:\/\/euseguros.pt\/en\/wp-json\/wp\/v2\/pages\/1877"}],"collection":[{"href":"https:\/\/euseguros.pt\/en\/wp-json\/wp\/v2\/pages"}],"about":[{"href":"https:\/\/euseguros.pt\/en\/wp-json\/wp\/v2\/types\/page"}],"author":[{"embeddable":true,"href":"https:\/\/euseguros.pt\/en\/wp-json\/wp\/v2\/users\/1"}],"replies":[{"embeddable":true,"href":"https:\/\/euseguros.pt\/en\/wp-json\/wp\/v2\/comments?post=1877"}],"version-history":[{"count":1,"href":"https:\/\/euseguros.pt\/en\/wp-json\/wp\/v2\/pages\/1877\/revisions"}],"predecessor-version":[{"id":8688,"href":"https:\/\/euseguros.pt\/en\/wp-json\/wp\/v2\/pages\/1877\/revisions\/8688"}],"wp:attachment":[{"href":"https:\/\/euseguros.pt\/en\/wp-json\/wp\/v2\/media?parent=1877"}],"curies":[{"name":"wp","href":"https:\/\/api.w.org\/{rel}","templated":true}]}}