{"id":1881,"date":"2020-03-29T18:37:09","date_gmt":"2020-03-29T18:37:09","guid":{"rendered":"http:\/\/euseguros.pt\/?page_id=1881"},"modified":"2025-01-22T09:28:35","modified_gmt":"2025-01-22T09:28:35","slug":"politica-de-privacidade","status":"publish","type":"page","link":"https:\/\/euseguros.pt\/en\/politica-de-privacidade\/","title":{"rendered":"Privacy Policy"},"content":{"rendered":"<p>[et_pb_section fb_built=&#8221;1&#8243; _builder_version=&#8221;4.16&#8243; global_colors_info=&#8221;{}&#8221;][et_pb_row _builder_version=&#8221;4.16&#8243; background_size=&#8221;initial&#8221; background_position=&#8221;top_left&#8221; background_repeat=&#8221;repeat&#8221; global_colors_info=&#8221;{}&#8221;][et_pb_column type=&#8221;4_4&#8243; _builder_version=&#8221;4.16&#8243; custom_padding=&#8221;|||&#8221; global_colors_info=&#8221;{}&#8221; custom_padding__hover=&#8221;|||&#8221;][et_pb_text _builder_version=&#8221;4.21.0&#8243; hover_enabled=&#8221;0&#8243; global_colors_info=&#8221;{}&#8221; sticky_enabled=&#8221;0&#8243;]<\/p>\n<p>Pol\u00edtica de Protec\u00e7\u00e3o de Dados<\/p>\n<p>Este site tem uma importante responsabilidade e compromisso no que respeita \u00e0 seguran\u00e7a dos seus dados pessoais. O site est\u00e1 sujeito aos mais elevados padr\u00f5es de privacidade e apenas ir\u00e1 utilizar dados pessoais para finalidades claramente identificadas e de acordo com os direitos de prote\u00e7\u00e3o de dados dos titulares.<\/p>\n<p>Esta Pol\u00edtica de privacidade informa sobre a forma como os seus dados pessoais, esclarecendo-o sobre os seus direitos em mat\u00e9ria de privacidade e como a lei o protege.<\/p>\n<p>O\u00a0site trata os seus dados pessoais de acordo com todas as regras de seguran\u00e7a definidas nesta pol\u00edtica de privacidade, que, para facilitar a sua compreens\u00e3o est\u00e1 redigida de forma clara e simples, devendo ser lida com aten\u00e7\u00e3o pelo Utilizador.<\/p>\n<p>O Utilizador garante que \u00e9 maior de idade e que os dados que disponibiliza s\u00e3o verdadeiros, exactos, completos e atualizados. Para este efeito, o Utilizador \u00e9 respons\u00e1vel pela veracidade de todos os dados que comunique, e manter\u00e1 convenientemente atualizada a informa\u00e7\u00e3o disponibilizada, de tal forma que responda \u00e0 sua situa\u00e7\u00e3o real.<\/p>\n<p>Do mesmo modo, e se aplic\u00e1vel, garante que informou os terceiros sobre os quais disponibilizou dados pessoais, de todos os aspetos consagrados nesta Pol\u00edtica. Assim mesmo, garante que obteve a sua autoriza\u00e7\u00e3o para disponibilizar os dados de terceiros ao \u00a0para as finalidades referidas.<\/p>\n<p>Em todo o caso, o Utilizador ser\u00e1 respons\u00e1vel pelas informa\u00e7\u00f5es falsas ou inexatas que proporcione atrav\u00e9s do S\u00edtio Web, e dos danos ou preju\u00edzos, diretos ou indiretos, que cause ao site ou a terceiros.<\/p>\n<p>1.INTRODU\u00c7\u00c3O<\/p>\n<p>Esta Pol\u00edtica de privacidade \u00e9 aplic\u00e1vel a todos os dados pessoais recolhidos pelo site \u00a0atrav\u00e9s das suas plataformas online.<\/p>\n<p>O Utilizador fica informado pela presente Pol\u00edtica de que os dados pessoais que disponibilize atrav\u00e9s deste\u00a0website\u00a0ser\u00e3o tratados pelo site, assim como os dados derivados da navega\u00e7\u00e3o e outros dados que este possa facultar no futuro.<\/p>\n<p>\u00a02. IDENTIFICA\u00c7\u00c3O DO RESPONS\u00c1VEL PELO TRATAMENTO<br \/>Empresa:\u00a0Diogo de Lemos Marques Ferreira(de ora em diante, designado por\u00a0\u201cEU Seguros\u201d ou &#8220;o site&#8221;)<br \/>Sede: Rua Dr. Pereira Coutinho, 64 2750-048 Alcabideche<br \/>NIPC:222585560<br \/>Telefone: +351 935621639<br \/>E-mail: euseguros@euseguros.pt<br \/>3. INFORMA\u00c7\u00c3O SOBRE O TRATAMENTO<\/p>\n<p>O Regulamento Geral sobre a Prote\u00e7\u00e3o de Dados (Regulamento (UE) 2016\/679 do Parlamento Europeu e do Conselho de 27 de abril de 2016, (\u201cRGPD\u201d) e a Lei n.\u00ba 58\/2019, de 8 de agosto, asseguram a prote\u00e7\u00e3o das pessoas singulares no que diz respeito ao tratamento de dados pessoais e \u00e0 livre circula\u00e7\u00e3o desses dados.<\/p>\n<p>Nos termos legais consideram-se \u201cdados pessoais\u201d, qualquer \u201cinforma\u00e7\u00e3o relativa a uma pessoa singular identificada ou identific\u00e1vel (\u201co titular dos dados\u201d). Considera-se identific\u00e1vel uma pessoa singular que possa ser identificada, direta ou indiretamente, em especial por refer\u00eancia a um identificador, como por exemplo um nome, um n\u00famero de identifica\u00e7\u00e3o, dados de localiza\u00e7\u00e3o, identificadores por via eletr\u00f3nica ou a um ou mais elementos espec\u00edficos da identidade f\u00edsica, fisiol\u00f3gica, gen\u00e9tica, mental, econ\u00f3mica, cultural ou social dessa pessoa singular.\u201d.<\/p>\n<p>Os dados pessoais fornecidos ser\u00e3o inclu\u00eddos num ficheiro da responsabilidade do site, cujo tratamento ser\u00e1 realizado nos termos da legisla\u00e7\u00e3o sobre prote\u00e7\u00e3o de dados pessoais, sendo aplicadas as medidas de seguran\u00e7a t\u00e9cnicas e organizativas adequadas.<\/p>\n<p>O site\u00a0mant\u00e9m uma base de dados com o registo dos seus clientes composta apenas pelos dados pessoais fornecidos pelo pr\u00f3prio titular dos dados, sendo estes recolhidos e tratados automaticamente pelo, entidade respons\u00e1vel pelo tratamento de dados pessoais.<\/p>\n<p>Em caso algum ser\u00e3o solicitados dados pessoais sobre a origem racial ou \u00e9tnica, opini\u00f5es pol\u00edticas, convic\u00e7\u00f5es religiosas ou filos\u00f3ficas, opini\u00f5es pol\u00edticas, filia\u00e7\u00e3o sindical, dados relativos \u00e0 sa\u00fade e \u00e0 vida sexual, dados gen\u00e9ticos, biom\u00e9tricos ou dados relativos \u00e0 vida sexual ou orienta\u00e7\u00e3o sexual.<\/p>\n<p>Em caso algum o\u00a0 \u00a0realizar\u00e1 qualquer uma das seguintes atividades com os dados pessoais facultados atrav\u00e9s deste site, sem o consentimento pr\u00e9vio expresso do titular dos dados:<\/p>\n<p>Ceder a outras pessoas ou outras entidades;<br \/>Transferir para fora do Espa\u00e7o Econ\u00f3mico Europeu (EEE).<br \/>4. FINALIDADES DO TRATAMENTO DE DADOS PESSOAIS<\/p>\n<p>Os dados pessoais tratados ser\u00e3o unicamente utilizados para as seguintes finalidades:<\/p>\n<p>Permitir a atua\u00e7\u00e3o do \u00a0como intermedi\u00e1rio de cr\u00e9dito, no sentido de proceder \u00e0 respetiva recolha de dados para uma proposta de cr\u00e9dito junto de uma institui\u00e7\u00e3o de cr\u00e9dito;<br \/>Identificar e gerir os servi\u00e7os mais adequados ao caso concreto mediante a solicita\u00e7\u00e3o do titular dos dados;<br \/>Gerir pedidos de media\u00e7\u00e3o de seguro solicitados pelo titular dos dados;<br \/>Atividades de an\u00e1lise estat\u00edstica;<br \/>Marketing, no caso de o cliente ter prestado o seu consentimento. (O envio de comunica\u00e7\u00f5es promocionais ou a\u00e7\u00f5es de marketing sobre produtos do \u00a0ou de parceiros que sejam do interesse do utilizador, ser\u00e1 direcionado exclusivamente aos utilizadores que tenham autorizado previamente e de forma expressa.)<\/p>\n<p>O\u00a0 site garante a confidencialidade de todos os dados fornecidos. N\u00e3o obstante o site procede \u00e0 recolha e ao tratamento de dados de forma segura e que impede a sua perda ou manipula\u00e7\u00e3o, utilizando as t\u00e9cnicas mais adequadas para o efeito.<\/p>\n<p>A falta de resposta aos dados indicados como obrigat\u00f3rios, implica a impossibilidade de dar resposta \u00e0 solicita\u00e7\u00e3o do titular dos dados.<\/p>\n<p>O fundamento legal dos tratamentos de dados pessoais para as referidas finalidades, consoante o caso, \u00e9 o consentimento do titular dos dados, a execu\u00e7\u00e3o de um contrato no qual o titular dos dados \u00e9 parte (ou dilig\u00eancias pr\u00e9-contratuais), cumprimento de uma obriga\u00e7\u00e3o legal ou o interesse leg\u00edtimo do respons\u00e1vel pelo tratamento.<\/p>\n<p>Os dados s\u00e3o conservados durante o tempo necess\u00e1rio para as finalidades para os quais foram recolhidos, para o cumprimento de prazos legais de conserva\u00e7\u00e3o e at\u00e9 \u00e0 extin\u00e7\u00e3o de eventuais responsabilidades do respons\u00e1vel pelo tratamento.<\/p>\n<p>5. MEDIDAS DE SEGURAN\u00c7A<\/p>\n<p>O site implementou e continuar\u00e1 a implementar as medidas de seguran\u00e7a de natureza t\u00e9cnica e organizativa necess\u00e1rias para garantir a seguran\u00e7a dos dados pessoais que lhe sejam fornecidos visando evitar a sua altera\u00e7\u00e3o, perda, tratamento e\/ou acesso n\u00e3o autorizado, tendo em conta o estado atual da tecnologia, a natureza dos dados armazenados e os riscos a que est\u00e3o expostos.<\/p>\n<p>Sempre que tratar dados pessoais, o\u00a0site, compromete-se a:<\/p>\n<p>Armazen\u00e1-los por interm\u00e9dio de medidas de seguran\u00e7a, legalmente exig\u00edveis, de natureza t\u00e9cnica e organizativa, que garantam a sua seguran\u00e7a, evitando assim a altera\u00e7\u00e3o, perda, tratamento ou acesso n\u00e3o autorizado, em conformidade com o estado da tecnologia em cada momento, a natureza dos dados e os poss\u00edveis riscos a que estejam expostos;<br \/>Utilizar os dados exclusivamente para as finalidades previamente definidas;<br \/>Certificar-se que os dados s\u00e3o tratados unicamente pelos colaboradores cuja interven\u00e7\u00e3o seja necess\u00e1ria para satisfazer a solicita\u00e7\u00e3o do titular dos dados, estando os mesmos obrigados ao dever de sigilo e de confidencialidade. Existindo a possibilidade de a informa\u00e7\u00e3o ser transmitida a terceiros para os referidos fins, estes s\u00e3o obrigados a guardar a devida confidencialidade.<br \/>6. EXERC\u00cdCIO DOS DIREITOS<\/p>\n<p>De acordo com o RGPD e a Lei n.\u00ba 58\/2019, de 8 de agosto, o utilizador pode exercer a todo o tempo os seus direitos de informa\u00e7\u00e3o, acesso, retifica\u00e7\u00e3o, apagamento, limita\u00e7\u00e3o, portabilidade e oposi\u00e7\u00e3o, atrav\u00e9s de solicita\u00e7\u00e3o escrita dirigida ao\u00a0 \u00a0pelos seguintes meios:<\/p>\n<p>Via postal para o endere\u00e7o: Rua Dr. Pereira Coutinho, 64 2750-048 Alcabideche<br \/>Email para o endere\u00e7o de correio eletr\u00f3nico: euseguros@euseguros.pt<\/p>\n<p>O titular dos dados tem, ainda, o direito a apresentar reclama\u00e7\u00e3o na Comiss\u00e3o Nacional de Prote\u00e7\u00e3o de Dados (CNPD)\u00a0www.cnpd.pt<\/p>\n<p>7. ALTERA\u00c7\u00d5ES \u00c0 POL\u00cdTICA DE PRIVACIDADE<\/p>\n<p>O \u00a0reserva-se ao direito de rever a sua Pol\u00edtica de Privacidade a qualquer momento que considere oportuno, em cujo caso comunicar\u00e1 as altera\u00e7\u00f5es ao Utilizador. A vers\u00e3o atualizada estar\u00e1 sempre dispon\u00edvel para consulta em\u00a0[www.euseguros.pt\/politica-de-privacidade].<\/p>\n<p>[\/et_pb_text][\/et_pb_column][\/et_pb_row][\/et_pb_section]<\/p>","protected":false},"excerpt":{"rendered":"<p>Pol\u00edtica de Protec\u00e7\u00e3o de Dados Este site tem uma importante responsabilidade e compromisso no que respeita \u00e0 seguran\u00e7a dos seus dados pessoais. O site est\u00e1 sujeito aos mais elevados padr\u00f5es de privacidade e apenas ir\u00e1 utilizar dados pessoais para finalidades claramente identificadas e de acordo com os direitos de prote\u00e7\u00e3o de dados dos titulares. Esta [&hellip;]<\/p>","protected":false},"author":1,"featured_media":0,"parent":0,"menu_order":0,"comment_status":"closed","ping_status":"closed","template":"","meta":{"_et_pb_use_builder":"on","_et_pb_old_content":"","_et_gb_content_width":"","footnotes":""},"yoast_head":"<!-- This site is optimized with the Yoast SEO plugin v21.8 - https:\/\/yoast.com\/wordpress\/plugins\/seo\/ -->\n<title>Pol\u00edtica de Privacidade - EU Seguros<\/title>\n<meta name=\"robots\" content=\"index, follow, max-snippet:-1, max-image-preview:large, max-video-preview:-1\" \/>\n<link rel=\"canonical\" href=\"https:\/\/euseguros.pt\/en\/politica-de-privacidade\/\" \/>\n<meta property=\"og:locale\" content=\"en_US\" \/>\n<meta property=\"og:type\" content=\"article\" \/>\n<meta property=\"og:title\" content=\"Pol\u00edtica de Privacidade - EU Seguros\" \/>\n<meta property=\"og:description\" content=\"Pol\u00edtica de Protec\u00e7\u00e3o de Dados Este site tem uma importante responsabilidade e compromisso no que respeita \u00e0 seguran\u00e7a dos seus dados pessoais. O site est\u00e1 sujeito aos mais elevados padr\u00f5es de privacidade e apenas ir\u00e1 utilizar dados pessoais para finalidades claramente identificadas e de acordo com os direitos de prote\u00e7\u00e3o de dados dos titulares. Esta [&hellip;]\" \/>\n<meta property=\"og:url\" content=\"https:\/\/euseguros.pt\/en\/politica-de-privacidade\/\" \/>\n<meta property=\"og:site_name\" content=\"EU Seguros\" \/>\n<meta property=\"article:publisher\" content=\"https:\/\/facebook.com\/eusegurosportugal\" \/>\n<meta property=\"article:modified_time\" content=\"2025-01-22T09:28:35+00:00\" \/>\n<meta name=\"twitter:card\" content=\"summary_large_image\" \/>\n<meta name=\"twitter:label1\" content=\"Est. reading time\" \/>\n\t<meta name=\"twitter:data1\" content=\"7 minutes\" \/>\n<script type=\"application\/ld+json\" class=\"yoast-schema-graph\">{\"@context\":\"https:\/\/schema.org\",\"@graph\":[{\"@type\":\"WebPage\",\"@id\":\"https:\/\/euseguros.pt\/politica-de-privacidade\/\",\"url\":\"https:\/\/euseguros.pt\/politica-de-privacidade\/\",\"name\":\"Pol\u00edtica de Privacidade - EU Seguros\",\"isPartOf\":{\"@id\":\"https:\/\/euseguros.pt\/#website\"},\"datePublished\":\"2020-03-29T18:37:09+00:00\",\"dateModified\":\"2025-01-22T09:28:35+00:00\",\"breadcrumb\":{\"@id\":\"https:\/\/euseguros.pt\/politica-de-privacidade\/#breadcrumb\"},\"inLanguage\":\"en-US\",\"potentialAction\":[{\"@type\":\"ReadAction\",\"target\":[\"https:\/\/euseguros.pt\/politica-de-privacidade\/\"]}]},{\"@type\":\"BreadcrumbList\",\"@id\":\"https:\/\/euseguros.pt\/politica-de-privacidade\/#breadcrumb\",\"itemListElement\":[{\"@type\":\"ListItem\",\"position\":1,\"name\":\"Home\",\"item\":\"https:\/\/euseguros.pt\/\"},{\"@type\":\"ListItem\",\"position\":2,\"name\":\"Pol\u00edtica de Privacidade\"}]},{\"@type\":\"WebSite\",\"@id\":\"https:\/\/euseguros.pt\/#website\",\"url\":\"https:\/\/euseguros.pt\/\",\"name\":\"EU Seguros\",\"description\":\"Independent Financial Advisory Services\",\"publisher\":{\"@id\":\"https:\/\/euseguros.pt\/#organization\"},\"potentialAction\":[{\"@type\":\"SearchAction\",\"target\":{\"@type\":\"EntryPoint\",\"urlTemplate\":\"https:\/\/euseguros.pt\/?s={search_term_string}\"},\"query-input\":\"required name=search_term_string\"}],\"inLanguage\":\"en-US\"},{\"@type\":\"Organization\",\"@id\":\"https:\/\/euseguros.pt\/#organization\",\"name\":\"Eu Seguros\",\"url\":\"https:\/\/euseguros.pt\/\",\"logo\":{\"@type\":\"ImageObject\",\"inLanguage\":\"en-US\",\"@id\":\"https:\/\/euseguros.pt\/#\/schema\/logo\/image\/\",\"url\":\"http:\/\/euseguros.pt\/wp-content\/uploads\/2019\/09\/Empresas-a-Criar.png\",\"contentUrl\":\"http:\/\/euseguros.pt\/wp-content\/uploads\/2019\/09\/Empresas-a-Criar.png\",\"width\":500,\"height\":500,\"caption\":\"Eu Seguros\"},\"image\":{\"@id\":\"https:\/\/euseguros.pt\/#\/schema\/logo\/image\/\"},\"sameAs\":[\"https:\/\/facebook.com\/eusegurosportugal\"]}]}<\/script>\n<!-- \/ Yoast SEO plugin. -->","yoast_head_json":{"title":"Pol\u00edtica de Privacidade - EU Seguros","robots":{"index":"index","follow":"follow","max-snippet":"max-snippet:-1","max-image-preview":"max-image-preview:large","max-video-preview":"max-video-preview:-1"},"canonical":"https:\/\/euseguros.pt\/en\/politica-de-privacidade\/","og_locale":"en_US","og_type":"article","og_title":"Pol\u00edtica de Privacidade - EU Seguros","og_description":"Pol\u00edtica de Protec\u00e7\u00e3o de Dados Este site tem uma importante responsabilidade e compromisso no que respeita \u00e0 seguran\u00e7a dos seus dados pessoais. O site est\u00e1 sujeito aos mais elevados padr\u00f5es de privacidade e apenas ir\u00e1 utilizar dados pessoais para finalidades claramente identificadas e de acordo com os direitos de prote\u00e7\u00e3o de dados dos titulares. Esta [&hellip;]","og_url":"https:\/\/euseguros.pt\/en\/politica-de-privacidade\/","og_site_name":"EU Seguros","article_publisher":"https:\/\/facebook.com\/eusegurosportugal","article_modified_time":"2025-01-22T09:28:35+00:00","twitter_card":"summary_large_image","twitter_misc":{"Est. reading time":"7 minutes"},"schema":{"@context":"https:\/\/schema.org","@graph":[{"@type":"WebPage","@id":"https:\/\/euseguros.pt\/politica-de-privacidade\/","url":"https:\/\/euseguros.pt\/politica-de-privacidade\/","name":"Pol\u00edtica de Privacidade - EU Seguros","isPartOf":{"@id":"https:\/\/euseguros.pt\/#website"},"datePublished":"2020-03-29T18:37:09+00:00","dateModified":"2025-01-22T09:28:35+00:00","breadcrumb":{"@id":"https:\/\/euseguros.pt\/politica-de-privacidade\/#breadcrumb"},"inLanguage":"en-US","potentialAction":[{"@type":"ReadAction","target":["https:\/\/euseguros.pt\/politica-de-privacidade\/"]}]},{"@type":"BreadcrumbList","@id":"https:\/\/euseguros.pt\/politica-de-privacidade\/#breadcrumb","itemListElement":[{"@type":"ListItem","position":1,"name":"Home","item":"https:\/\/euseguros.pt\/"},{"@type":"ListItem","position":2,"name":"Pol\u00edtica de Privacidade"}]},{"@type":"WebSite","@id":"https:\/\/euseguros.pt\/#website","url":"https:\/\/euseguros.pt\/","name":"EU Seguros","description":"Independent Financial Advisory Services","publisher":{"@id":"https:\/\/euseguros.pt\/#organization"},"potentialAction":[{"@type":"SearchAction","target":{"@type":"EntryPoint","urlTemplate":"https:\/\/euseguros.pt\/?s={search_term_string}"},"query-input":"required name=search_term_string"}],"inLanguage":"en-US"},{"@type":"Organization","@id":"https:\/\/euseguros.pt\/#organization","name":"Eu Seguros","url":"https:\/\/euseguros.pt\/","logo":{"@type":"ImageObject","inLanguage":"en-US","@id":"https:\/\/euseguros.pt\/#\/schema\/logo\/image\/","url":"http:\/\/euseguros.pt\/wp-content\/uploads\/2019\/09\/Empresas-a-Criar.png","contentUrl":"http:\/\/euseguros.pt\/wp-content\/uploads\/2019\/09\/Empresas-a-Criar.png","width":500,"height":500,"caption":"Eu Seguros"},"image":{"@id":"https:\/\/euseguros.pt\/#\/schema\/logo\/image\/"},"sameAs":["https:\/\/facebook.com\/eusegurosportugal"]}]}},"_links":{"self":[{"href":"https:\/\/euseguros.pt\/en\/wp-json\/wp\/v2\/pages\/1881"}],"collection":[{"href":"https:\/\/euseguros.pt\/en\/wp-json\/wp\/v2\/pages"}],"about":[{"href":"https:\/\/euseguros.pt\/en\/wp-json\/wp\/v2\/types\/page"}],"author":[{"embeddable":true,"href":"https:\/\/euseguros.pt\/en\/wp-json\/wp\/v2\/users\/1"}],"replies":[{"embeddable":true,"href":"https:\/\/euseguros.pt\/en\/wp-json\/wp\/v2\/comments?post=1881"}],"version-history":[{"count":1,"href":"https:\/\/euseguros.pt\/en\/wp-json\/wp\/v2\/pages\/1881\/revisions"}],"predecessor-version":[{"id":8686,"href":"https:\/\/euseguros.pt\/en\/wp-json\/wp\/v2\/pages\/1881\/revisions\/8686"}],"wp:attachment":[{"href":"https:\/\/euseguros.pt\/en\/wp-json\/wp\/v2\/media?parent=1881"}],"curies":[{"name":"wp","href":"https:\/\/api.w.org\/{rel}","templated":true}]}}