{"id":5490,"date":"2021-06-01T13:16:46","date_gmt":"2021-06-01T13:16:46","guid":{"rendered":"http:\/\/euseguros.pt\/?page_id=5490"},"modified":"2023-05-26T17:36:33","modified_gmt":"2023-05-26T17:36:33","slug":"webinar-on-life-insurance","status":"publish","type":"page","link":"https:\/\/euseguros.pt\/en\/webinar-on-life-insurance\/","title":{"rendered":"webinar"},"content":{"rendered":"<p>[et_pb_section fb_built=&#8221;1&#8243; _builder_version=&#8221;4.16&#8243; global_colors_info=&#8221;{}&#8221;][et_pb_row _builder_version=&#8221;4.16&#8243; custom_margin=&#8221;|418px||auto||&#8221; global_colors_info=&#8221;{}&#8221;][et_pb_column type=&#8221;4_4&#8243; _builder_version=&#8221;4.16&#8243; global_colors_info=&#8221;{}&#8221;][et_pb_text _builder_version=&#8221;4.16&#8243; global_colors_info=&#8221;{}&#8221;]<\/p>\n<h2 style=\"text-align: center;\"><strong>Free webinar on life insurance for business owners. Enjoy!<br \/> <\/strong><\/h2>\n<p>[\/et_pb_text][et_pb_code _builder_version=&#8221;4.16&#8243; global_colors_info=&#8221;{}&#8221;]<script src=\"https:\/\/fast.wistia.com\/embed\/medias\/rkf29u61ir.jsonp\" async><\/script><script src=\"https:\/\/fast.wistia.com\/assets\/external\/E-v1.js\" async><\/script><\/p>\n<div class=\"wistia_responsive_padding\" style=\"padding:56.25% 0 0 0;position:relative;\">\n<div class=\"wistia_responsive_wrapper\" style=\"height:100%;left:0;position:absolute;top:0;width:100%;\">\n<div class=\"wistia_embed wistia_async_rkf29u61ir videoFoam=true\" style=\"height:100%;position:relative;width:100%\">\n<div class=\"wistia_swatch\" style=\"height:100%;left:0;opacity:0;overflow:hidden;position:absolute;top:0;transition:opacity 200ms;width:100%;\"><img decoding=\"async\" src=\"https:\/\/fast.wistia.com\/embed\/medias\/rkf29u61ir\/swatch\" style=\"filter:blur(5px);height:100%;object-fit:contain;width:100%;\" alt=\"\" aria-hidden=\"true\" onload=\"this.parentNode.style.opacity=1;\" \/><\/div>\n<\/div>\n<\/div>\n<\/div>\n<p>[\/et_pb_code][et_pb_image src=&#8221;http:\/\/euseguros.pt\/wp-content\/uploads\/2021\/07\/Apresentacao-Jul-para-ENIS.png&#8221; _builder_version=&#8221;4.16&#8243; global_colors_info=&#8221;{}&#8221;][\/et_pb_image][et_pb_image src=&#8221;http:\/\/euseguros.pt\/wp-content\/uploads\/2021\/07\/testimonials.png&#8221; _builder_version=&#8221;4.16&#8243; global_colors_info=&#8221;{}&#8221;][\/et_pb_image][et_pb_text _builder_version=&#8221;4.16&#8243; global_colors_info=&#8221;{}&#8221;]<\/p>\n<h2><strong>Let&#8217;s talk over a Coffee?<\/strong><\/h2>\n<p>[\/et_pb_text][et_pb_code _builder_version=&#8221;4.16&#8243; global_colors_info=&#8221;{}&#8221;]<!-- Calendly inline widget begin --><!-- [et_pb_line_break_holder] --><\/p>\n<div class=\"calendly-inline-widget\" data-url=\"https:\/\/calendly.com\/euseguros\/30m\" style=\"min-width:320px;height:630px;\"><\/div>\n<p><!-- [et_pb_line_break_holder] --><script type=\"text\/javascript\" src=\"https:\/\/assets.calendly.com\/assets\/external\/widget.js\"><\/script><!-- [et_pb_line_break_holder] --><!-- Calendly inline widget end -->[\/et_pb_code][et_pb_divider color=&#8221;#000000&#8243; _builder_version=&#8221;4.16&#8243; custom_padding=&#8221;10px||||false|false&#8221; global_colors_info=&#8221;{}&#8221;][\/et_pb_divider][et_pb_text _builder_version=&#8221;4.16&#8243; global_colors_info=&#8221;{}&#8221;]<\/p>\n<h2><strong>Do you want to know more? Send us your questions!<br \/><\/strong><\/h2>\n<p>[\/et_pb_text][et_pb_contact_form email=&#8221;euseguros@euseguros.pt&#8221; success_message=&#8221;Thank you, your message has been sent!&#8221; submit_button_text=&#8221;SEND&#8221; _builder_version=&#8221;4.21.0&#8243; _unique_id=&#8221;0e34da54-a04a-4619-87ec-0fd4f177ebe7&#8243; custom_button=&#8221;on&#8221; hover_enabled=&#8221;0&#8243; border_width_all=&#8221;2px&#8221; global_colors_info=&#8221;{}&#8221; captcha_text_color=&#8221;#000000&#8243; sticky_enabled=&#8221;0&#8243;][et_pb_contact_field field_id=&#8221;Primeiro_Nome&#8221; field_title=&#8221;Primeiro Nome&#8221; _builder_version=&#8221;4.16&#8243; global_colors_info=&#8221;{}&#8221; button_text_size__hover_enabled=&#8221;off&#8221; button_one_text_size__hover_enabled=&#8221;off&#8221; button_two_text_size__hover_enabled=&#8221;off&#8221; button_text_color__hover_enabled=&#8221;off&#8221; button_one_text_color__hover_enabled=&#8221;off&#8221; button_two_text_color__hover_enabled=&#8221;off&#8221; button_border_width__hover_enabled=&#8221;off&#8221; button_one_border_width__hover_enabled=&#8221;off&#8221; button_two_border_width__hover_enabled=&#8221;off&#8221; button_border_color__hover_enabled=&#8221;off&#8221; button_one_border_color__hover_enabled=&#8221;off&#8221; button_two_border_color__hover_enabled=&#8221;off&#8221; button_border_radius__hover_enabled=&#8221;off&#8221; button_one_border_radius__hover_enabled=&#8221;off&#8221; button_two_border_radius__hover_enabled=&#8221;off&#8221; button_letter_spacing__hover_enabled=&#8221;off&#8221; button_one_letter_spacing__hover_enabled=&#8221;off&#8221; button_two_letter_spacing__hover_enabled=&#8221;off&#8221; button_bg_color__hover_enabled=&#8221;off&#8221; button_one_bg_color__hover_enabled=&#8221;off&#8221; button_two_bg_color__hover_enabled=&#8221;off&#8221;][\/et_pb_contact_field][et_pb_contact_field field_id=&#8221;\u00daltimo_Nome&#8221; field_title=&#8221;\u00daltimo Nome&#8221; _builder_version=&#8221;4.16&#8243; global_colors_info=&#8221;{}&#8221; button_text_size__hover_enabled=&#8221;off&#8221; button_one_text_size__hover_enabled=&#8221;off&#8221; button_two_text_size__hover_enabled=&#8221;off&#8221; button_text_color__hover_enabled=&#8221;off&#8221; button_one_text_color__hover_enabled=&#8221;off&#8221; button_two_text_color__hover_enabled=&#8221;off&#8221; button_border_width__hover_enabled=&#8221;off&#8221; button_one_border_width__hover_enabled=&#8221;off&#8221; button_two_border_width__hover_enabled=&#8221;off&#8221; button_border_color__hover_enabled=&#8221;off&#8221; button_one_border_color__hover_enabled=&#8221;off&#8221; button_two_border_color__hover_enabled=&#8221;off&#8221; button_border_radius__hover_enabled=&#8221;off&#8221; button_one_border_radius__hover_enabled=&#8221;off&#8221; button_two_border_radius__hover_enabled=&#8221;off&#8221; button_letter_spacing__hover_enabled=&#8221;off&#8221; button_one_letter_spacing__hover_enabled=&#8221;off&#8221; button_two_letter_spacing__hover_enabled=&#8221;off&#8221; button_bg_color__hover_enabled=&#8221;off&#8221; button_one_bg_color__hover_enabled=&#8221;off&#8221; button_two_bg_color__hover_enabled=&#8221;off&#8221;][\/et_pb_contact_field][et_pb_contact_field field_id=&#8221;Email&#8221; field_title=&#8221;Email&#8221; field_type=&#8221;email&#8221; _builder_version=&#8221;4.16&#8243; global_colors_info=&#8221;{}&#8221; button_text_size__hover_enabled=&#8221;off&#8221; button_one_text_size__hover_enabled=&#8221;off&#8221; button_two_text_size__hover_enabled=&#8221;off&#8221; button_text_color__hover_enabled=&#8221;off&#8221; button_one_text_color__hover_enabled=&#8221;off&#8221; button_two_text_color__hover_enabled=&#8221;off&#8221; button_border_width__hover_enabled=&#8221;off&#8221; button_one_border_width__hover_enabled=&#8221;off&#8221; button_two_border_width__hover_enabled=&#8221;off&#8221; button_border_color__hover_enabled=&#8221;off&#8221; button_one_border_color__hover_enabled=&#8221;off&#8221; button_two_border_color__hover_enabled=&#8221;off&#8221; button_border_radius__hover_enabled=&#8221;off&#8221; button_one_border_radius__hover_enabled=&#8221;off&#8221; button_two_border_radius__hover_enabled=&#8221;off&#8221; button_letter_spacing__hover_enabled=&#8221;off&#8221; button_one_letter_spacing__hover_enabled=&#8221;off&#8221; button_two_letter_spacing__hover_enabled=&#8221;off&#8221; button_bg_color__hover_enabled=&#8221;off&#8221; button_one_bg_color__hover_enabled=&#8221;off&#8221; button_two_bg_color__hover_enabled=&#8221;off&#8221;][\/et_pb_contact_field][et_pb_contact_field field_id=&#8221;Telefone&#8221; field_title=&#8221;Telefone&#8221; field_type=&#8221;email&#8221; _builder_version=&#8221;4.16&#8243; global_colors_info=&#8221;{}&#8221; button_text_size__hover_enabled=&#8221;off&#8221; button_one_text_size__hover_enabled=&#8221;off&#8221; button_two_text_size__hover_enabled=&#8221;off&#8221; button_text_color__hover_enabled=&#8221;off&#8221; button_one_text_color__hover_enabled=&#8221;off&#8221; button_two_text_color__hover_enabled=&#8221;off&#8221; button_border_width__hover_enabled=&#8221;off&#8221; button_one_border_width__hover_enabled=&#8221;off&#8221; button_two_border_width__hover_enabled=&#8221;off&#8221; button_border_color__hover_enabled=&#8221;off&#8221; button_one_border_color__hover_enabled=&#8221;off&#8221; button_two_border_color__hover_enabled=&#8221;off&#8221; button_border_radius__hover_enabled=&#8221;off&#8221; button_one_border_radius__hover_enabled=&#8221;off&#8221; button_two_border_radius__hover_enabled=&#8221;off&#8221; button_letter_spacing__hover_enabled=&#8221;off&#8221; button_one_letter_spacing__hover_enabled=&#8221;off&#8221; button_two_letter_spacing__hover_enabled=&#8221;off&#8221; button_bg_color__hover_enabled=&#8221;off&#8221; button_one_bg_color__hover_enabled=&#8221;off&#8221; button_two_bg_color__hover_enabled=&#8221;off&#8221;][\/et_pb_contact_field][et_pb_contact_field field_id=&#8221;Message&#8221; field_title=&#8221;Quest\u00f5es e Informa\u00e7\u00f5es&#8221; field_type=&#8221;text&#8221; fullwidth_field=&#8221;on&#8221; _builder_version=&#8221;4.16&#8243; global_colors_info=&#8221;{}&#8221; button_text_size__hover_enabled=&#8221;off&#8221; button_one_text_size__hover_enabled=&#8221;off&#8221; button_two_text_size__hover_enabled=&#8221;off&#8221; button_text_color__hover_enabled=&#8221;off&#8221; button_one_text_color__hover_enabled=&#8221;off&#8221; button_two_text_color__hover_enabled=&#8221;off&#8221; button_border_width__hover_enabled=&#8221;off&#8221; button_one_border_width__hover_enabled=&#8221;off&#8221; button_two_border_width__hover_enabled=&#8221;off&#8221; button_border_color__hover_enabled=&#8221;off&#8221; button_one_border_color__hover_enabled=&#8221;off&#8221; button_two_border_color__hover_enabled=&#8221;off&#8221; button_border_radius__hover_enabled=&#8221;off&#8221; button_one_border_radius__hover_enabled=&#8221;off&#8221; button_two_border_radius__hover_enabled=&#8221;off&#8221; button_letter_spacing__hover_enabled=&#8221;off&#8221; button_one_letter_spacing__hover_enabled=&#8221;off&#8221; button_two_letter_spacing__hover_enabled=&#8221;off&#8221; button_bg_color__hover_enabled=&#8221;off&#8221; button_one_bg_color__hover_enabled=&#8221;off&#8221; button_two_bg_color__hover_enabled=&#8221;off&#8221;][\/et_pb_contact_field][\/et_pb_contact_form][\/et_pb_column][\/et_pb_row][\/et_pb_section]<\/p>","protected":false},"excerpt":{"rendered":"<p>webinar on life insurance for business owners<\/p>","protected":false},"author":1,"featured_media":0,"parent":0,"menu_order":0,"comment_status":"closed","ping_status":"closed","template":"","meta":{"_et_pb_use_builder":"on","_et_pb_old_content":"","_et_gb_content_width":"","footnotes":""},"yoast_head":"<!-- This site is optimized with the Yoast SEO plugin v21.8 - https:\/\/yoast.com\/wordpress\/plugins\/seo\/ -->\n<title>webinar - EU Seguros<\/title>\n<meta name=\"description\" content=\"webinar on life insurance for business owners\" \/>\n<meta name=\"robots\" content=\"index, follow, max-snippet:-1, max-image-preview:large, max-video-preview:-1\" \/>\n<link rel=\"canonical\" href=\"https:\/\/euseguros.pt\/en\/webinar-on-life-insurance\/\" \/>\n<meta property=\"og:locale\" content=\"en_US\" \/>\n<meta property=\"og:type\" content=\"article\" \/>\n<meta property=\"og:title\" content=\"webinar - EU Seguros\" \/>\n<meta property=\"og:description\" content=\"webinar on life insurance for business owners\" \/>\n<meta property=\"og:url\" content=\"https:\/\/euseguros.pt\/en\/webinar-on-life-insurance\/\" \/>\n<meta property=\"og:site_name\" content=\"EU Seguros\" \/>\n<meta property=\"article:publisher\" content=\"https:\/\/facebook.com\/eusegurosportugal\" \/>\n<meta property=\"article:modified_time\" content=\"2023-05-26T17:36:33+00:00\" \/>\n<meta property=\"og:image\" content=\"https:\/\/fast.wistia.com\/embed\/medias\/rkf29u61ir\/swatch\" \/>\n<meta name=\"twitter:card\" content=\"summary_large_image\" \/>\n<meta name=\"twitter:label1\" content=\"Est. reading time\" \/>\n\t<meta name=\"twitter:data1\" content=\"5 minutes\" \/>\n<script type=\"application\/ld+json\" class=\"yoast-schema-graph\">{\"@context\":\"https:\/\/schema.org\",\"@graph\":[{\"@type\":\"WebPage\",\"@id\":\"https:\/\/euseguros.pt\/webinar-on-life-insurance\/\",\"url\":\"https:\/\/euseguros.pt\/webinar-on-life-insurance\/\",\"name\":\"webinar - EU Seguros\",\"isPartOf\":{\"@id\":\"https:\/\/euseguros.pt\/#website\"},\"datePublished\":\"2021-06-01T13:16:46+00:00\",\"dateModified\":\"2023-05-26T17:36:33+00:00\",\"description\":\"webinar on life insurance for business owners\",\"breadcrumb\":{\"@id\":\"https:\/\/euseguros.pt\/webinar-on-life-insurance\/#breadcrumb\"},\"inLanguage\":\"en-US\",\"potentialAction\":[{\"@type\":\"ReadAction\",\"target\":[\"https:\/\/euseguros.pt\/webinar-on-life-insurance\/\"]}]},{\"@type\":\"BreadcrumbList\",\"@id\":\"https:\/\/euseguros.pt\/webinar-on-life-insurance\/#breadcrumb\",\"itemListElement\":[{\"@type\":\"ListItem\",\"position\":1,\"name\":\"Home\",\"item\":\"https:\/\/euseguros.pt\/\"},{\"@type\":\"ListItem\",\"position\":2,\"name\":\"webinar\"}]},{\"@type\":\"WebSite\",\"@id\":\"https:\/\/euseguros.pt\/#website\",\"url\":\"https:\/\/euseguros.pt\/\",\"name\":\"EU Seguros\",\"description\":\"Independent Financial Advisory Services\",\"publisher\":{\"@id\":\"https:\/\/euseguros.pt\/#organization\"},\"potentialAction\":[{\"@type\":\"SearchAction\",\"target\":{\"@type\":\"EntryPoint\",\"urlTemplate\":\"https:\/\/euseguros.pt\/?s={search_term_string}\"},\"query-input\":\"required name=search_term_string\"}],\"inLanguage\":\"en-US\"},{\"@type\":\"Organization\",\"@id\":\"https:\/\/euseguros.pt\/#organization\",\"name\":\"Eu Seguros\",\"url\":\"https:\/\/euseguros.pt\/\",\"logo\":{\"@type\":\"ImageObject\",\"inLanguage\":\"en-US\",\"@id\":\"https:\/\/euseguros.pt\/#\/schema\/logo\/image\/\",\"url\":\"http:\/\/euseguros.pt\/wp-content\/uploads\/2019\/09\/Empresas-a-Criar.png\",\"contentUrl\":\"http:\/\/euseguros.pt\/wp-content\/uploads\/2019\/09\/Empresas-a-Criar.png\",\"width\":500,\"height\":500,\"caption\":\"Eu Seguros\"},\"image\":{\"@id\":\"https:\/\/euseguros.pt\/#\/schema\/logo\/image\/\"},\"sameAs\":[\"https:\/\/facebook.com\/eusegurosportugal\"]}]}<\/script>\n<!-- \/ Yoast SEO plugin. -->","yoast_head_json":{"title":"webinar - EU Seguros","description":"webinar on life insurance for business owners","robots":{"index":"index","follow":"follow","max-snippet":"max-snippet:-1","max-image-preview":"max-image-preview:large","max-video-preview":"max-video-preview:-1"},"canonical":"https:\/\/euseguros.pt\/en\/webinar-on-life-insurance\/","og_locale":"en_US","og_type":"article","og_title":"webinar - EU Seguros","og_description":"webinar on life insurance for business owners","og_url":"https:\/\/euseguros.pt\/en\/webinar-on-life-insurance\/","og_site_name":"EU Seguros","article_publisher":"https:\/\/facebook.com\/eusegurosportugal","article_modified_time":"2023-05-26T17:36:33+00:00","og_image":[{"url":"https:\/\/fast.wistia.com\/embed\/medias\/rkf29u61ir\/swatch"}],"twitter_card":"summary_large_image","twitter_misc":{"Est. reading time":"5 minutes"},"schema":{"@context":"https:\/\/schema.org","@graph":[{"@type":"WebPage","@id":"https:\/\/euseguros.pt\/webinar-on-life-insurance\/","url":"https:\/\/euseguros.pt\/webinar-on-life-insurance\/","name":"webinar - EU Seguros","isPartOf":{"@id":"https:\/\/euseguros.pt\/#website"},"datePublished":"2021-06-01T13:16:46+00:00","dateModified":"2023-05-26T17:36:33+00:00","description":"webinar on life insurance for business owners","breadcrumb":{"@id":"https:\/\/euseguros.pt\/webinar-on-life-insurance\/#breadcrumb"},"inLanguage":"en-US","potentialAction":[{"@type":"ReadAction","target":["https:\/\/euseguros.pt\/webinar-on-life-insurance\/"]}]},{"@type":"BreadcrumbList","@id":"https:\/\/euseguros.pt\/webinar-on-life-insurance\/#breadcrumb","itemListElement":[{"@type":"ListItem","position":1,"name":"Home","item":"https:\/\/euseguros.pt\/"},{"@type":"ListItem","position":2,"name":"webinar"}]},{"@type":"WebSite","@id":"https:\/\/euseguros.pt\/#website","url":"https:\/\/euseguros.pt\/","name":"EU Seguros","description":"Independent Financial Advisory Services","publisher":{"@id":"https:\/\/euseguros.pt\/#organization"},"potentialAction":[{"@type":"SearchAction","target":{"@type":"EntryPoint","urlTemplate":"https:\/\/euseguros.pt\/?s={search_term_string}"},"query-input":"required name=search_term_string"}],"inLanguage":"en-US"},{"@type":"Organization","@id":"https:\/\/euseguros.pt\/#organization","name":"Eu Seguros","url":"https:\/\/euseguros.pt\/","logo":{"@type":"ImageObject","inLanguage":"en-US","@id":"https:\/\/euseguros.pt\/#\/schema\/logo\/image\/","url":"http:\/\/euseguros.pt\/wp-content\/uploads\/2019\/09\/Empresas-a-Criar.png","contentUrl":"http:\/\/euseguros.pt\/wp-content\/uploads\/2019\/09\/Empresas-a-Criar.png","width":500,"height":500,"caption":"Eu Seguros"},"image":{"@id":"https:\/\/euseguros.pt\/#\/schema\/logo\/image\/"},"sameAs":["https:\/\/facebook.com\/eusegurosportugal"]}]}},"_links":{"self":[{"href":"https:\/\/euseguros.pt\/en\/wp-json\/wp\/v2\/pages\/5490"}],"collection":[{"href":"https:\/\/euseguros.pt\/en\/wp-json\/wp\/v2\/pages"}],"about":[{"href":"https:\/\/euseguros.pt\/en\/wp-json\/wp\/v2\/types\/page"}],"author":[{"embeddable":true,"href":"https:\/\/euseguros.pt\/en\/wp-json\/wp\/v2\/users\/1"}],"replies":[{"embeddable":true,"href":"https:\/\/euseguros.pt\/en\/wp-json\/wp\/v2\/comments?post=5490"}],"version-history":[{"count":5,"href":"https:\/\/euseguros.pt\/en\/wp-json\/wp\/v2\/pages\/5490\/revisions"}],"predecessor-version":[{"id":8114,"href":"https:\/\/euseguros.pt\/en\/wp-json\/wp\/v2\/pages\/5490\/revisions\/8114"}],"wp:attachment":[{"href":"https:\/\/euseguros.pt\/en\/wp-json\/wp\/v2\/media?parent=5490"}],"curies":[{"name":"wp","href":"https:\/\/api.w.org\/{rel}","templated":true}]}}