{"id":677,"date":"2020-01-05T13:07:40","date_gmt":"2020-01-05T13:07:40","guid":{"rendered":"http:\/\/euseguros.pt\/?page_id=677"},"modified":"2021-10-01T22:11:22","modified_gmt":"2021-10-01T22:11:22","slug":"calculadora-salario-liquido","status":"publish","type":"page","link":"https:\/\/euseguros.pt\/en\/calculadora-salario-liquido\/","title":{"rendered":"Net salary calculator"},"content":{"rendered":"<p>[et_pb_section fb_built=&#8221;1&#8243; _builder_version=&#8221;3.22&#8243;][et_pb_row _builder_version=&#8221;3.25&#8243; background_size=&#8221;initial&#8221; background_position=&#8221;top_left&#8221; background_repeat=&#8221;repeat&#8221;][et_pb_column type=&#8221;4_4&#8243; _builder_version=&#8221;3.25&#8243; custom_padding=&#8221;|||&#8221; custom_padding__hover=&#8221;|||&#8221;][et_pb_image src=&#8221;http:\/\/euseguros.pt\/wp-content\/uploads\/2020\/02\/Add-a-heading.png&#8221; align_tablet=&#8221;center&#8221; align_last_edited=&#8221;on|desktop&#8221; _builder_version=&#8221;3.23&#8243; max_width=&#8221;60%&#8221; module_alignment=&#8221;center&#8221;][\/et_pb_image][et_pb_text _builder_version=&#8221;3.27.4&#8243; text_font=&#8221;||||||||&#8221;]<\/p>\n<p><strong>Garante o preenchimento correcto<\/strong><span>\u00a0de\u00a0<\/span>todos os campos abaixo para o c\u00e1lculo correcto do teu Sal\u00e1rio L\u00edquido de 2020.<\/p>\n<p><strong>Esta ferramenta tem j\u00e1 em conta as tabelas de reten\u00e7\u00e3o deste ano\u00a0<\/strong>(dispon\u00edveis ao fazer a simula\u00e7\u00e3o), pode ser utilizada por<span>\u00a0<\/span><strong>funcion\u00e1rios do sector p\u00fablico e privado<span>\u00a0<\/span><\/strong>e tem em conta a<span>\u00a0<\/span><strong>contribui\u00e7\u00e3o para a seguran\u00e7a social<\/strong>, bem como o pagamento em<span>\u00a0<\/span><strong>duod\u00e9cimos<\/strong><span>\u00a0<\/span>dos subs\u00eddios de f\u00e9rias de Natal.<\/p>\n<h2><strong>O que precisas de saber para calcular o Sal\u00e1rio L\u00edquido?<\/strong><\/h2>\n<ul>\n<li>Qual o teu<span>\u00a0<\/span><strong>sal\u00e1rio base<\/strong>;<\/li>\n<li><strong>Situa\u00e7\u00e3o matrimonial<\/strong>;<\/li>\n<li><strong>N\u00famero de dependentes;\u00a0<\/strong><\/li>\n<li>Como vai receber os seus<span>\u00a0<\/span><strong>subs\u00eddios de Natal e F\u00e9rias<\/strong><span>\u00a0<\/span>(por inteiro ou duod\u00e9cimos e neste caso se s\u00e3o\u00a0os dois subs\u00eddios em duod\u00e9cimos);<\/li>\n<li><strong>Valor subs\u00eddio de refei\u00e7\u00e3o<\/strong><span>\u00a0<\/span>e<span>\u00a0<\/span><strong>como o vais receber<\/strong><span>\u00a0<\/span>(remunera\u00e7\u00e3o ou numer\u00e1rio)<\/li>\n<\/ul>\n<p>Nota: N\u00e3o te esque\u00e7as que<span>\u00a0<\/span><strong>\u00e9 importante referir o n\u00famero de dias recebidos.<\/strong><span>\u00a0<\/span>Se trabares em tempo parcial, s\u00f3 recebes subs\u00eddio de refei\u00e7\u00e3o pelos dias trabalhados.<\/p>\n<p>Fazer as contas ao teu Sal\u00e1rio L\u00edquido anualmente \u00e9 t\u00e3o fundamental como\u00a0renegociar todos os servi\u00e7os e presta\u00e7\u00f5es que tens.<\/p>\n<p>Usa esta ferramenta no planeamento das tuas finan\u00e7as pessoais. \u00c9 gratuita e ajuda-te a perceber como funciona.<\/p>\n<h2><strong>Como calcular o Sal\u00e1rio L\u00edquido?<\/strong><\/h2>\n<p><strong>O Sal\u00e1rio L\u00edquido \u00e9 o montante do teu vencimento bruto que recebes ap\u00f3s as dedu\u00e7\u00f5es das contribui\u00e7\u00f5es e impostos<\/strong>.<\/p>\n<p>O valor que vais ter na tua conta ao final de cada m\u00eas, \u00e9 a diferen\u00e7a entre o teu sal\u00e1rio bruto e os descontos para Seguran\u00e7a Social e IRS.<\/p>\n<p><strong>Sal\u00e1rio l\u00edquido = sal\u00e1rio bruto &#8211; descontos de seguran\u00e7a social &#8211; descontos de IRS<\/strong><\/p>\n<p>Para calculares o tu sal\u00e1rio l\u00edquido, deves saber qual o teu escal\u00e3o nas tabelas de reten\u00e7\u00e3o de IRS 2020, e o valor que vais deduzir para a seguran\u00e7a social, que corresponde a 11% do teu vencimento bruto.<\/p>\n<p>O subs\u00eddio de refei\u00e7\u00e3o \u00e9 um valor somado ao valor l\u00edquido, mas tamb\u00e9m pode estar sujeito a dedu\u00e7\u00f5es. Deves saber qual o valor do subs\u00eddio de refei\u00e7\u00e3o, bem como a forma em que o vais receber (cart\u00e3o ou remunera\u00e7\u00e3o).<\/p>\n<p>[\/et_pb_text][et_pb_text _builder_version=&#8221;3.27.4&#8243; text_font=&#8221;||||||||&#8221; border_width_all=&#8221;2px&#8221; border_color_all=&#8221;#000000&#8243;]<\/p>\n<table style=\"border-color: #000000; margin-left: auto; margin-right: auto;\" border=\"0\" cellpadding=\"1\">\n<tbody>\n<tr style=\"border-color: #000000;\">\n<td>Remunera\u00e7\u00e3o Mensal<\/td>\n<td>0<\/td>\n<td>1<\/td>\n<td>2<\/td>\n<td>3<\/td>\n<td>4<\/td>\n<td>5 ou mais<\/td>\n<\/tr>\n<tr>\n<td><span>at\u00e9 \u20ac659.00<\/span><\/td>\n<td><span>0.00%<\/span><\/td>\n<td><span>0.00%<\/span><\/td>\n<td><span>0.00%<\/span><\/td>\n<td><span>0.00%<\/span><\/td>\n<td><span>0.00%<\/span><\/td>\n<td><span>0.00%<\/span><\/td>\n<\/tr>\n<tr>\n<td><span>at\u00e9 \u20ac686.00<\/span><\/td>\n<td>0.10%<\/td>\n<td>0.00%<\/td>\n<td>0.00%<\/td>\n<td>0.00%<\/td>\n<td>0.00%<\/td>\n<td>0.00%<\/td>\n<\/tr>\n<tr>\n<td><span>at\u00e9 \u20ac718.00<\/span><\/td>\n<td>4.20%<\/td>\n<td>0.80%<\/td>\n<td>0.00%<\/td>\n<td>0.00%<\/td>\n<td>0.00%<\/td>\n<td>0.00%<\/td>\n<\/tr>\n<tr>\n<td><span>at\u00e9 \u20ac739.00<\/span><\/td>\n<td>7.30%<\/td>\n<td>2.80%<\/td>\n<td>0.20%<\/td>\n<td>0.00%<\/td>\n<td>0.00%<\/td>\n<td>0.00%<\/td>\n<\/tr>\n<tr>\n<td><span>at\u00e9 \u20ac814.00<\/span><\/td>\n<td>8.20%<\/td>\n<td>4.60%<\/td>\n<td>1.10%<\/td>\n<td>0.00%<\/td>\n<td>0.00%<\/td>\n<td>0.00%<\/td>\n<\/tr>\n<tr>\n<td><span>at\u00e9 \u20ac922.00<\/span><\/td>\n<td>10.40%<\/td>\n<td>6.90%<\/td>\n<td>3.60%<\/td>\n<td>0.00%<\/td>\n<td>0.00%<\/td>\n<td>0.00%<\/td>\n<\/tr>\n<tr>\n<td><span>at\u00e9 \u20ac1,005.00<\/span><\/td>\n<td>11.60%<\/td>\n<td>8.20%<\/td>\n<td>5.80%<\/td>\n<td>1.50%<\/td>\n<td>0.00%<\/td>\n<td>0.00%<\/td>\n<\/tr>\n<tr>\n<td><span>at\u00e9 \u20ac1,065.00<\/span><\/td>\n<td>12.40%<\/td>\n<td>9.10%<\/td>\n<td>6.70%<\/td>\n<td>3.40%<\/td>\n<td>0.00%<\/td>\n<td>0.00%<\/td>\n<\/tr>\n<tr>\n<td><span>at\u00e9 \u20ac1,143.00<\/span><\/td>\n<td>13.50%<\/td>\n<td>11.00%<\/td>\n<td>8.60%<\/td>\n<td>5.20%<\/td>\n<td>2.80%<\/td>\n<td>0.30%<\/td>\n<\/tr>\n<tr>\n<td><span>at\u00e9 \u20ac1,225.00<\/span><\/td>\n<td>14.50%<\/td>\n<td>12.10%<\/td>\n<td>9.60%<\/td>\n<td>6.20%<\/td>\n<td>3.70%<\/td>\n<td>1.30%<\/td>\n<\/tr>\n<tr>\n<td><span>at\u00e9 \u20ac1,321.00<\/span><\/td>\n<td>15.60%<\/td>\n<td>13.20%<\/td>\n<td>10.80%<\/td>\n<td>7.20%<\/td>\n<td>4.70%<\/td>\n<td>2.30%<\/td>\n<\/tr>\n<tr>\n<td><span>at\u00e9 \u20ac1,424.00<\/span><\/td>\n<td>16.60%<\/td>\n<td>14.20%<\/td>\n<td>11.70%<\/td>\n<td>8.30%<\/td>\n<td>6.70%<\/td>\n<td>4.10%<\/td>\n<\/tr>\n<tr>\n<td><span>at\u00e9 \u20ac1,562.00<\/span><\/td>\n<td>17.70%<\/td>\n<td>15.20%<\/td>\n<td>12.70%<\/td>\n<td>10.30%<\/td>\n<td>7.80%<\/td>\n<td>5.10%<\/td>\n<\/tr>\n<tr>\n<td><span>at\u00e9 \u20ac1,711.00<\/span><\/td>\n<td>19.10%<\/td>\n<td>16.70%<\/td>\n<td>15.20%<\/td>\n<td>11.70%<\/td>\n<td>9.20%<\/td>\n<td>6.70%<\/td>\n<\/tr>\n<tr>\n<td><span>at\u00e9 \u20ac1,870.00<\/span><\/td>\n<td>20.50%<\/td>\n<td>18.70%<\/td>\n<td>17.80%<\/td>\n<td>14.90%<\/td>\n<td>12.90%<\/td>\n<td>12.00%<\/td>\n<\/tr>\n<tr>\n<td><span>at\u00e9 \u20ac1,977.00<\/span><\/td>\n<td>21.50%<\/td>\n<td>19.90%<\/td>\n<td>18.70%<\/td>\n<td>15.90%<\/td>\n<td>14.90%<\/td>\n<td>12.90%<\/td>\n<\/tr>\n<tr>\n<td><span>at\u00e9 \u20ac2,090.00<\/span><\/td>\n<td>22.50%<\/td>\n<td>20.80%<\/td>\n<td>19.80%<\/td>\n<td>16.80%<\/td>\n<td>15.90%<\/td>\n<td>13.90%<\/td>\n<\/tr>\n<tr>\n<td><span>at\u00e9 \u20ac2,218.00<\/span><\/td>\n<td>23.50%<\/td>\n<td>21.90%<\/td>\n<td>20.90%<\/td>\n<td>18.00%<\/td>\n<td>16.90%<\/td>\n<td>14.90%<\/td>\n<\/tr>\n<tr>\n<td><span>at\u00e9 \u20ac2,367.00<\/span><\/td>\n<td>24.50%<\/td>\n<td>22.90%<\/td>\n<td>21.90%<\/td>\n<td>19.00%<\/td>\n<td>18.10%<\/td>\n<td>15.90%<\/td>\n<\/tr>\n<tr>\n<td><span>at\u00e9 \u20ac2,535.00<\/span><\/td>\n<td>25.50%<\/td>\n<td>24.90%<\/td>\n<td>22.90%<\/td>\n<td>21.00%<\/td>\n<td>19.00%<\/td>\n<td>18.10%<\/td>\n<\/tr>\n<tr>\n<td><span>at\u00e9 \u20ac2,767.00<\/span><\/td>\n<td>26.50%<\/td>\n<td>25.80%<\/td>\n<td>24.00%<\/td>\n<td>22.00%<\/td>\n<td>20.00%<\/td>\n<td>19.00%<\/td>\n<\/tr>\n<tr>\n<td><span>at\u00e9 \u20ac3,104.00<\/span><\/td>\n<td>27.80%<\/td>\n<td>27.10%<\/td>\n<td>25.20%<\/td>\n<td>23.20%<\/td>\n<td>21.20%<\/td>\n<td>20.20%<\/td>\n<\/tr>\n<tr>\n<td><span>at\u00e9 \u20ac3,534.00<\/span><\/td>\n<td>29.40%<\/td>\n<td>29.10%<\/td>\n<td>27.50%<\/td>\n<td>25.90%<\/td>\n<td>25.30%<\/td>\n<td>23.70%<\/td>\n<\/tr>\n<tr>\n<td><span>at\u00e9 \u20ac4,118.00<\/span><\/td>\n<td>30.50%<\/td>\n<td>30.30%<\/td>\n<td>28.50%<\/td>\n<td>26.90%<\/td>\n<td>26.30%<\/td>\n<td>25.70%<\/td>\n<\/tr>\n<tr>\n<td><span>at\u00e9 \u20ac4,650.00<\/span><\/td>\n<td>32.30%<\/td>\n<td>31.80%<\/td>\n<td>30.20%<\/td>\n<td>28.40%<\/td>\n<td>27.80%<\/td>\n<td>27.20%<\/td>\n<\/tr>\n<tr>\n<td><span>at\u00e9 \u20ac5,194.00<\/span><\/td>\n<td>33.30%<\/td>\n<td>32.80%<\/td>\n<td>32.20%<\/td>\n<td>29.70%<\/td>\n<td>28.80%<\/td>\n<td>28.20%<\/td>\n<\/tr>\n<tr>\n<td><span>at\u00e9 \u20ac5,880.00<\/span><\/td>\n<td>34.30%<\/td>\n<td>33.80%<\/td>\n<td>33.20%<\/td>\n<td>30.60%<\/td>\n<td>30.00%<\/td>\n<td>29.20%<\/td>\n<\/tr>\n<tr>\n<td><span>at\u00e9 \u20ac6,727.00<\/span><\/td>\n<td>36.30%<\/td>\n<td>35.90%<\/td>\n<td>35.10%<\/td>\n<td>33.20%<\/td>\n<td>32.80%<\/td>\n<td>32.40%<\/td>\n<\/tr>\n<tr>\n<td><span>at\u00e9 \u20ac7,939.00<\/span><\/td>\n<td>37.30%<\/td>\n<td>36.90%<\/td>\n<td>36.50%<\/td>\n<td>35.20%<\/td>\n<td>33.80%<\/td>\n<td>33.40%<\/td>\n<\/tr>\n<tr>\n<td><span>at\u00e9 \u20ac9,560.00<\/span><\/td>\n<td>39.30%<\/td>\n<td>38.90%<\/td>\n<td>38.50%<\/td>\n<td>37.20%<\/td>\n<td>38.60%<\/td>\n<td>35.40%<\/td>\n<\/tr>\n<tr>\n<td><span>at\u00e9 \u20ac11,282.00<\/span><\/td>\n<td>40.30%<\/td>\n<td>39.90%<\/td>\n<td>39.50%<\/td>\n<td>38.60%<\/td>\n<td>37.80%<\/td>\n<td>36.40%<\/td>\n<\/tr>\n<tr>\n<td><span>at\u00e9 \u20ac18,854.00<\/span><\/td>\n<td>41.30%<\/td>\n<td>40.90%<\/td>\n<td>40.50%<\/td>\n<td>39.60%<\/td>\n<td>39.20%<\/td>\n<td>37.40%<\/td>\n<\/tr>\n<tr>\n<td><span>at\u00e9 \u20ac20,221.00<\/span><\/td>\n<td>42.30%<\/td>\n<td>41.90%<\/td>\n<td>41.50%<\/td>\n<td>40.60%<\/td>\n<td>41.20%<\/td>\n<td>38.40%<\/td>\n<\/tr>\n<tr>\n<td><span>at\u00e9 \u20ac22,749.00<\/span><\/td>\n<td>43.10%<\/td>\n<td>42.90%<\/td>\n<td>42.50%<\/td>\n<td>41.60%<\/td>\n<td>41.20%<\/td>\n<td>39.60%<\/td>\n<\/tr>\n<tr>\n<td><span>at\u00e9 \u20ac25,276.00<\/span><\/td>\n<td>44.10%<\/td>\n<td>43.90%<\/td>\n<td>43.50%<\/td>\n<td>42.60%<\/td>\n<td>42.20%<\/td>\n<td>40.80%<\/td>\n<\/tr>\n<tr>\n<td><span>mais de \u20ac25,276.00<\/span><\/td>\n<td>45.10%<\/td>\n<td>44.90%<\/td>\n<td>44.50%<\/td>\n<td>43.60%<\/td>\n<td>43.20%<\/td>\n<td>41.80%<\/td>\n<\/tr>\n<\/tbody>\n<\/table>\n<p>[\/et_pb_text][\/et_pb_column][\/et_pb_row][et_pb_row _builder_version=&#8221;3.25&#8243;][et_pb_column type=&#8221;4_4&#8243; _builder_version=&#8221;3.25&#8243; custom_padding=&#8221;|||&#8221; custom_padding__hover=&#8221;|||&#8221;][et_pb_signup provider=&#8221;aweber&#8221; aweber_list=&#8221;Subscribers|6133958&#8243; success_action=&#8221;redirect&#8221; success_redirect_url=&#8221;http:\/\/euseguros.pt\/novo-subscritor\/&#8221; title=&#8221;Subscribe to our newsletter&#8221; button_text=&#8221;SUBMIT&#8221; description=&#8221;<\/p>\n<p>Get important specialized information to help your business<\/p>\n<p>&#8221; _builder_version=&#8221;4.4.3&#8243; header_level=&#8221;h1&#8243; header_font=&#8221;||||||||&#8221; header_text_align=&#8221;center&#8221; header_font_size=&#8221;31px&#8221; body_font=&#8221;||||||||&#8221; body_text_align=&#8221;center&#8221; result_message_font=&#8221;||||||||&#8221; background_color=&#8221;#000000&#8243; custom_button=&#8221;on&#8221; button_bg_color=&#8221;#e02b20&#8243; button_font=&#8221;||||||||&#8221; max_width=&#8221;100%&#8221; button_letter_spacing_hover=&#8221;0&#8243; fields_text_shadow_style=&#8221;none&#8221; global_module=&#8221;557&#8243; saved_tabs=&#8221;all&#8221; button_text_size__hover_enabled=&#8221;off&#8221; button_one_text_size__hover_enabled=&#8221;off&#8221; button_two_text_size__hover_enabled=&#8221;off&#8221; button_text_color__hover_enabled=&#8221;off&#8221; button_one_text_color__hover_enabled=&#8221;off&#8221; button_two_text_color__hover_enabled=&#8221;off&#8221; button_border_width__hover_enabled=&#8221;off&#8221; button_one_border_width__hover_enabled=&#8221;off&#8221; button_two_border_width__hover_enabled=&#8221;off&#8221; button_border_color__hover_enabled=&#8221;off&#8221; button_one_border_color__hover_enabled=&#8221;off&#8221; button_two_border_color__hover_enabled=&#8221;off&#8221; button_border_radius__hover_enabled=&#8221;off&#8221; button_one_border_radius__hover_enabled=&#8221;off&#8221; button_two_border_radius__hover_enabled=&#8221;off&#8221; button_letter_spacing__hover_enabled=&#8221;on&#8221; button_letter_spacing__hover=&#8221;0&#8243; button_one_letter_spacing__hover_enabled=&#8221;off&#8221; button_two_letter_spacing__hover_enabled=&#8221;off&#8221; button_bg_color__hover_enabled=&#8221;off&#8221; button_one_bg_color__hover_enabled=&#8221;off&#8221; button_two_bg_color__hover_enabled=&#8221;off&#8221;][\/et_pb_signup][\/et_pb_column][\/et_pb_row][\/et_pb_section]<\/p>","protected":false},"excerpt":{"rendered":"<p>Garante o preenchimento correcto\u00a0de\u00a0todos os campos abaixo para o c\u00e1lculo correcto do teu Sal\u00e1rio L\u00edquido de 2020. Esta ferramenta tem j\u00e1 em conta as tabelas de reten\u00e7\u00e3o deste ano\u00a0(dispon\u00edveis ao fazer a simula\u00e7\u00e3o), pode ser utilizada por\u00a0funcion\u00e1rios do sector p\u00fablico e privado\u00a0e tem em conta a\u00a0contribui\u00e7\u00e3o para a seguran\u00e7a social, bem como o pagamento em\u00a0duod\u00e9cimos\u00a0dos [&hellip;]<\/p>","protected":false},"author":1,"featured_media":0,"parent":0,"menu_order":0,"comment_status":"closed","ping_status":"closed","template":"","meta":{"_et_pb_use_builder":"on","_et_pb_old_content":"","_et_gb_content_width":"","footnotes":""},"yoast_head":"<!-- This site is optimized with the Yoast SEO plugin v21.8 - https:\/\/yoast.com\/wordpress\/plugins\/seo\/ -->\n<title>Calculadora sal\u00e1rio liquido - EU Seguros<\/title>\n<meta name=\"description\" content=\"A Calculadora de Sal\u00e1rio L\u00edquido permite-te calcular o teu vencimento e saber quanto recebes, j\u00e1 com descontos. Usa esta calculadora agora.\" \/>\n<meta name=\"robots\" content=\"index, follow, max-snippet:-1, max-image-preview:large, max-video-preview:-1\" \/>\n<link rel=\"canonical\" href=\"https:\/\/euseguros.pt\/en\/calculadora-salario-liquido\/\" \/>\n<meta property=\"og:locale\" content=\"en_US\" \/>\n<meta property=\"og:type\" content=\"article\" \/>\n<meta property=\"og:title\" content=\"Calculadora sal\u00e1rio liquido - EU Seguros\" \/>\n<meta property=\"og:description\" content=\"A Calculadora de Sal\u00e1rio L\u00edquido permite-te calcular o teu vencimento e saber quanto recebes, j\u00e1 com descontos. Usa esta calculadora agora.\" \/>\n<meta property=\"og:url\" content=\"https:\/\/euseguros.pt\/en\/calculadora-salario-liquido\/\" \/>\n<meta property=\"og:site_name\" content=\"EU Seguros\" \/>\n<meta property=\"article:publisher\" content=\"https:\/\/facebook.com\/eusegurosportugal\" \/>\n<meta property=\"article:modified_time\" content=\"2021-10-01T22:11:22+00:00\" \/>\n<meta name=\"twitter:card\" content=\"summary_large_image\" \/>\n<meta name=\"twitter:label1\" content=\"Est. reading time\" \/>\n\t<meta name=\"twitter:data1\" content=\"4 minutes\" \/>\n<script type=\"application\/ld+json\" class=\"yoast-schema-graph\">{\"@context\":\"https:\/\/schema.org\",\"@graph\":[{\"@type\":\"WebPage\",\"@id\":\"https:\/\/euseguros.pt\/calculadora-salario-liquido\/\",\"url\":\"https:\/\/euseguros.pt\/calculadora-salario-liquido\/\",\"name\":\"Calculadora sal\u00e1rio liquido - EU Seguros\",\"isPartOf\":{\"@id\":\"https:\/\/euseguros.pt\/#website\"},\"datePublished\":\"2020-01-05T13:07:40+00:00\",\"dateModified\":\"2021-10-01T22:11:22+00:00\",\"description\":\"A Calculadora de Sal\u00e1rio L\u00edquido permite-te calcular o teu vencimento e saber quanto recebes, j\u00e1 com descontos. Usa esta calculadora agora.\",\"breadcrumb\":{\"@id\":\"https:\/\/euseguros.pt\/calculadora-salario-liquido\/#breadcrumb\"},\"inLanguage\":\"en-US\",\"potentialAction\":[{\"@type\":\"ReadAction\",\"target\":[\"https:\/\/euseguros.pt\/calculadora-salario-liquido\/\"]}]},{\"@type\":\"BreadcrumbList\",\"@id\":\"https:\/\/euseguros.pt\/calculadora-salario-liquido\/#breadcrumb\",\"itemListElement\":[{\"@type\":\"ListItem\",\"position\":1,\"name\":\"Home\",\"item\":\"https:\/\/euseguros.pt\/\"},{\"@type\":\"ListItem\",\"position\":2,\"name\":\"Calculadora sal\u00e1rio liquido\"}]},{\"@type\":\"WebSite\",\"@id\":\"https:\/\/euseguros.pt\/#website\",\"url\":\"https:\/\/euseguros.pt\/\",\"name\":\"EU Seguros\",\"description\":\"Independent Financial Advisory Services\",\"publisher\":{\"@id\":\"https:\/\/euseguros.pt\/#organization\"},\"potentialAction\":[{\"@type\":\"SearchAction\",\"target\":{\"@type\":\"EntryPoint\",\"urlTemplate\":\"https:\/\/euseguros.pt\/?s={search_term_string}\"},\"query-input\":\"required name=search_term_string\"}],\"inLanguage\":\"en-US\"},{\"@type\":\"Organization\",\"@id\":\"https:\/\/euseguros.pt\/#organization\",\"name\":\"Eu Seguros\",\"url\":\"https:\/\/euseguros.pt\/\",\"logo\":{\"@type\":\"ImageObject\",\"inLanguage\":\"en-US\",\"@id\":\"https:\/\/euseguros.pt\/#\/schema\/logo\/image\/\",\"url\":\"http:\/\/euseguros.pt\/wp-content\/uploads\/2019\/09\/Empresas-a-Criar.png\",\"contentUrl\":\"http:\/\/euseguros.pt\/wp-content\/uploads\/2019\/09\/Empresas-a-Criar.png\",\"width\":500,\"height\":500,\"caption\":\"Eu Seguros\"},\"image\":{\"@id\":\"https:\/\/euseguros.pt\/#\/schema\/logo\/image\/\"},\"sameAs\":[\"https:\/\/facebook.com\/eusegurosportugal\"]}]}<\/script>\n<!-- \/ Yoast SEO plugin. -->","yoast_head_json":{"title":"Calculadora sal\u00e1rio liquido - EU Seguros","description":"A Calculadora de Sal\u00e1rio L\u00edquido permite-te calcular o teu vencimento e saber quanto recebes, j\u00e1 com descontos. Usa esta calculadora agora.","robots":{"index":"index","follow":"follow","max-snippet":"max-snippet:-1","max-image-preview":"max-image-preview:large","max-video-preview":"max-video-preview:-1"},"canonical":"https:\/\/euseguros.pt\/en\/calculadora-salario-liquido\/","og_locale":"en_US","og_type":"article","og_title":"Calculadora sal\u00e1rio liquido - EU Seguros","og_description":"A Calculadora de Sal\u00e1rio L\u00edquido permite-te calcular o teu vencimento e saber quanto recebes, j\u00e1 com descontos. Usa esta calculadora agora.","og_url":"https:\/\/euseguros.pt\/en\/calculadora-salario-liquido\/","og_site_name":"EU Seguros","article_publisher":"https:\/\/facebook.com\/eusegurosportugal","article_modified_time":"2021-10-01T22:11:22+00:00","twitter_card":"summary_large_image","twitter_misc":{"Est. reading time":"4 minutes"},"schema":{"@context":"https:\/\/schema.org","@graph":[{"@type":"WebPage","@id":"https:\/\/euseguros.pt\/calculadora-salario-liquido\/","url":"https:\/\/euseguros.pt\/calculadora-salario-liquido\/","name":"Calculadora sal\u00e1rio liquido - EU Seguros","isPartOf":{"@id":"https:\/\/euseguros.pt\/#website"},"datePublished":"2020-01-05T13:07:40+00:00","dateModified":"2021-10-01T22:11:22+00:00","description":"A Calculadora de Sal\u00e1rio L\u00edquido permite-te calcular o teu vencimento e saber quanto recebes, j\u00e1 com descontos. Usa esta calculadora agora.","breadcrumb":{"@id":"https:\/\/euseguros.pt\/calculadora-salario-liquido\/#breadcrumb"},"inLanguage":"en-US","potentialAction":[{"@type":"ReadAction","target":["https:\/\/euseguros.pt\/calculadora-salario-liquido\/"]}]},{"@type":"BreadcrumbList","@id":"https:\/\/euseguros.pt\/calculadora-salario-liquido\/#breadcrumb","itemListElement":[{"@type":"ListItem","position":1,"name":"Home","item":"https:\/\/euseguros.pt\/"},{"@type":"ListItem","position":2,"name":"Calculadora sal\u00e1rio liquido"}]},{"@type":"WebSite","@id":"https:\/\/euseguros.pt\/#website","url":"https:\/\/euseguros.pt\/","name":"EU Seguros","description":"Independent Financial Advisory Services","publisher":{"@id":"https:\/\/euseguros.pt\/#organization"},"potentialAction":[{"@type":"SearchAction","target":{"@type":"EntryPoint","urlTemplate":"https:\/\/euseguros.pt\/?s={search_term_string}"},"query-input":"required name=search_term_string"}],"inLanguage":"en-US"},{"@type":"Organization","@id":"https:\/\/euseguros.pt\/#organization","name":"Eu Seguros","url":"https:\/\/euseguros.pt\/","logo":{"@type":"ImageObject","inLanguage":"en-US","@id":"https:\/\/euseguros.pt\/#\/schema\/logo\/image\/","url":"http:\/\/euseguros.pt\/wp-content\/uploads\/2019\/09\/Empresas-a-Criar.png","contentUrl":"http:\/\/euseguros.pt\/wp-content\/uploads\/2019\/09\/Empresas-a-Criar.png","width":500,"height":500,"caption":"Eu Seguros"},"image":{"@id":"https:\/\/euseguros.pt\/#\/schema\/logo\/image\/"},"sameAs":["https:\/\/facebook.com\/eusegurosportugal"]}]}},"_links":{"self":[{"href":"https:\/\/euseguros.pt\/en\/wp-json\/wp\/v2\/pages\/677"}],"collection":[{"href":"https:\/\/euseguros.pt\/en\/wp-json\/wp\/v2\/pages"}],"about":[{"href":"https:\/\/euseguros.pt\/en\/wp-json\/wp\/v2\/types\/page"}],"author":[{"embeddable":true,"href":"https:\/\/euseguros.pt\/en\/wp-json\/wp\/v2\/users\/1"}],"replies":[{"embeddable":true,"href":"https:\/\/euseguros.pt\/en\/wp-json\/wp\/v2\/comments?post=677"}],"version-history":[{"count":1,"href":"https:\/\/euseguros.pt\/en\/wp-json\/wp\/v2\/pages\/677\/revisions"}],"predecessor-version":[{"id":6320,"href":"https:\/\/euseguros.pt\/en\/wp-json\/wp\/v2\/pages\/677\/revisions\/6320"}],"wp:attachment":[{"href":"https:\/\/euseguros.pt\/en\/wp-json\/wp\/v2\/media?parent=677"}],"curies":[{"name":"wp","href":"https:\/\/api.w.org\/{rel}","templated":true}]}}