{"id":684,"date":"2020-01-05T13:51:15","date_gmt":"2020-01-05T13:51:15","guid":{"rendered":"http:\/\/euseguros.pt\/?page_id=684"},"modified":"2020-04-02T17:27:47","modified_gmt":"2020-04-02T17:27:47","slug":"calculadora-de-emprestimo-bancario","status":"publish","type":"page","link":"https:\/\/euseguros.pt\/en\/calculadora-de-emprestimo-bancario\/","title":{"rendered":"Mortgage calculator"},"content":{"rendered":"<p>[et_pb_section fb_built=&#8221;1&#8243; admin_label=&#8221;section&#8221; _builder_version=&#8221;3.22&#8243; custom_padding=&#8221;54px|0px|70px|0px|false|false&#8221;][et_pb_row admin_label=&#8221;row&#8221; _builder_version=&#8221;3.25&#8243; background_size=&#8221;initial&#8221; background_position=&#8221;top_left&#8221; background_repeat=&#8221;repeat&#8221; custom_padding=&#8221;27px|0px|40px|0px|false|false&#8221;][et_pb_column type=&#8221;4_4&#8243; _builder_version=&#8221;3.25&#8243; custom_padding=&#8221;|||&#8221; custom_padding__hover=&#8221;|||&#8221;][et_pb_image src=&#8221;http:\/\/euseguros.pt\/wp-content\/uploads\/2020\/02\/CALCULADORA-EMPR\u00c9STIMO-BANC\u00c1RIO.png&#8221; align_tablet=&#8221;center&#8221; align_last_edited=&#8221;on|desktop&#8221; _builder_version=&#8221;3.23&#8243;]&nbsp;<br \/>\n[\/et_pb_image][et_pb_code][convertcalculator id=&#8221;u8zRyc5F35i8wtneH&#8221;][\/et_pb_code][et_pb_text _builder_version=&#8221;3.27.4&#8243;]Os bancos solicitam-te seguro de vida quando pedes empr\u00e9stimo para habita\u00e7\u00e3o, de forma a terem uma garantia que caso a pessoa que pede o empr\u00e9stimo morra ou fique inv\u00e1lida, possam recuperar o montante concedido junto da seguradora. <a href=\"http:\/\/euseguros.pt\/blog\/seguro-de-vida-credito-habitacao-como-funciona\/\">Podes saber mais sobre este assunto aqui neste post.<\/a><\/p>\n<p>Depois de teres as condi\u00e7\u00f5es do banco para empr\u00e9stimo banc\u00e1rio, deves pedir cota\u00e7\u00e3o de seguro de vida desse valor \u00e0s companhias de seguros.<\/p>\n<p><a href=\"http:\/\/euseguros.pt\/simulador-de-seguro-de-vida\/\">Usa este simulador para saberes quanto fica o seguro de vida<\/a>.<br \/>\n[\/et_pb_text][\/et_pb_column][\/et_pb_row][et_pb_row _builder_version=&#8221;3.25&#8243;][et_pb_column type=&#8221;4_4&#8243; _builder_version=&#8221;3.25&#8243; custom_padding=&#8221;|||&#8221; custom_padding__hover=&#8221;|||&#8221;][et_pb_signup provider=&#8221;getresponse&#8221; getresponse_list=&#8221;8oanR&#8221; success_message=&#8221;Boa! \u00c9s incr\u00edvel!&#8221; title=&#8221;Subscreve \u00e0 newsletter&#8221; button_text=&#8221;VAMOS!&#8221; description=&#8221;Recebe informa\u00e7\u00e3o relevante sobre seguros para o teu neg\u00f3cio<br \/>\n&#8221; _builder_version=&#8221;3.16&#8243; header_level=&#8221;h1&#8243; header_font=&#8221;||||||||&#8221; header_text_align=&#8221;center&#8221; header_font_size=&#8221;31px&#8221; body_font=&#8221;||||||||&#8221; body_text_align=&#8221;center&#8221; result_message_font=&#8221;||||||||&#8221; background_color=&#8221;#000000&#8243; custom_button=&#8221;on&#8221; button_bg_color=&#8221;#e02b20&#8243; button_font=&#8221;||||||||&#8221; max_width=&#8221;100%&#8221; button_letter_spacing_hover=&#8221;0&#8243; global_module=&#8221;557&#8243; button_text_size__hover_enabled=&#8221;off&#8221; button_one_text_size__hover_enabled=&#8221;off&#8221; button_two_text_size__hover_enabled=&#8221;off&#8221; button_text_color__hover_enabled=&#8221;off&#8221; button_one_text_color__hover_enabled=&#8221;off&#8221; button_two_text_color__hover_enabled=&#8221;off&#8221; button_border_width__hover_enabled=&#8221;off&#8221; button_one_border_width__hover_enabled=&#8221;off&#8221; button_two_border_width__hover_enabled=&#8221;off&#8221; button_border_color__hover_enabled=&#8221;off&#8221; button_one_border_color__hover_enabled=&#8221;off&#8221; button_two_border_color__hover_enabled=&#8221;off&#8221; button_border_radius__hover_enabled=&#8221;off&#8221; button_one_border_radius__hover_enabled=&#8221;off&#8221; button_two_border_radius__hover_enabled=&#8221;off&#8221; button_letter_spacing__hover_enabled=&#8221;on&#8221; button_letter_spacing__hover=&#8221;0&#8243; button_one_letter_spacing__hover_enabled=&#8221;off&#8221; button_two_letter_spacing__hover_enabled=&#8221;off&#8221; button_bg_color__hover_enabled=&#8221;off&#8221; button_one_bg_color__hover_enabled=&#8221;off&#8221; button_two_bg_color__hover_enabled=&#8221;off&#8221;]<\/p>\n<p>Recebe informa\u00e7\u00e3o relevante sobre seguros para o teu neg\u00f3cio<\/p>\n<p>[\/et_pb_signup][\/et_pb_column][\/et_pb_row][\/et_pb_section]<\/p>","protected":false},"excerpt":{"rendered":"<p>&nbsp; [convertcalculator id=&#8221;u8zRyc5F35i8wtneH&#8221;]Os bancos solicitam-te seguro de vida quando pedes empr\u00e9stimo para habita\u00e7\u00e3o, de forma a terem uma garantia que caso a pessoa que pede o empr\u00e9stimo morra ou fique inv\u00e1lida, possam recuperar o montante concedido junto da seguradora. Podes saber mais sobre este assunto aqui neste post. Depois de teres as condi\u00e7\u00f5es do banco [&hellip;]<\/p>","protected":false},"author":1,"featured_media":0,"parent":0,"menu_order":0,"comment_status":"open","ping_status":"closed","template":"","meta":{"_et_pb_use_builder":"on","_et_pb_old_content":"","_et_gb_content_width":"","footnotes":""},"yoast_head":"<!-- This site is optimized with the Yoast SEO plugin v21.8 - https:\/\/yoast.com\/wordpress\/plugins\/seo\/ -->\n<title>calculadora de empr\u00e9stimo banc\u00e1rio - EU Seguros<\/title>\n<meta name=\"description\" content=\"calcula aqui o teu empr\u00e9stimo cr\u00e9dito-habita\u00e7\u00e3o.\" \/>\n<meta name=\"robots\" content=\"index, follow, max-snippet:-1, max-image-preview:large, max-video-preview:-1\" \/>\n<link rel=\"canonical\" href=\"https:\/\/euseguros.pt\/en\/calculadora-de-emprestimo-bancario\/\" \/>\n<meta property=\"og:locale\" content=\"en_US\" \/>\n<meta property=\"og:type\" content=\"article\" \/>\n<meta property=\"og:title\" content=\"calculadora de empr\u00e9stimo banc\u00e1rio - EU Seguros\" \/>\n<meta property=\"og:description\" content=\"calcula aqui o teu empr\u00e9stimo cr\u00e9dito-habita\u00e7\u00e3o.\" \/>\n<meta property=\"og:url\" content=\"https:\/\/euseguros.pt\/en\/calculadora-de-emprestimo-bancario\/\" \/>\n<meta property=\"og:site_name\" content=\"EU Seguros\" \/>\n<meta property=\"article:publisher\" content=\"https:\/\/facebook.com\/eusegurosportugal\" \/>\n<meta property=\"article:modified_time\" content=\"2020-04-02T17:27:47+00:00\" \/>\n<meta name=\"twitter:card\" content=\"summary_large_image\" \/>\n<meta name=\"twitter:label1\" content=\"Est. reading time\" \/>\n\t<meta name=\"twitter:data1\" content=\"2 minutes\" \/>\n<script type=\"application\/ld+json\" class=\"yoast-schema-graph\">{\"@context\":\"https:\/\/schema.org\",\"@graph\":[{\"@type\":\"WebPage\",\"@id\":\"https:\/\/euseguros.pt\/calculadora-de-emprestimo-bancario\/\",\"url\":\"https:\/\/euseguros.pt\/calculadora-de-emprestimo-bancario\/\",\"name\":\"calculadora de empr\u00e9stimo banc\u00e1rio - EU Seguros\",\"isPartOf\":{\"@id\":\"https:\/\/euseguros.pt\/#website\"},\"datePublished\":\"2020-01-05T13:51:15+00:00\",\"dateModified\":\"2020-04-02T17:27:47+00:00\",\"description\":\"calcula aqui o teu empr\u00e9stimo cr\u00e9dito-habita\u00e7\u00e3o.\",\"breadcrumb\":{\"@id\":\"https:\/\/euseguros.pt\/calculadora-de-emprestimo-bancario\/#breadcrumb\"},\"inLanguage\":\"en-US\",\"potentialAction\":[{\"@type\":\"ReadAction\",\"target\":[\"https:\/\/euseguros.pt\/calculadora-de-emprestimo-bancario\/\"]}]},{\"@type\":\"BreadcrumbList\",\"@id\":\"https:\/\/euseguros.pt\/calculadora-de-emprestimo-bancario\/#breadcrumb\",\"itemListElement\":[{\"@type\":\"ListItem\",\"position\":1,\"name\":\"Home\",\"item\":\"https:\/\/euseguros.pt\/\"},{\"@type\":\"ListItem\",\"position\":2,\"name\":\"calculadora de empr\u00e9stimo banc\u00e1rio\"}]},{\"@type\":\"WebSite\",\"@id\":\"https:\/\/euseguros.pt\/#website\",\"url\":\"https:\/\/euseguros.pt\/\",\"name\":\"EU Seguros\",\"description\":\"Independent Financial Advisory Services\",\"publisher\":{\"@id\":\"https:\/\/euseguros.pt\/#organization\"},\"potentialAction\":[{\"@type\":\"SearchAction\",\"target\":{\"@type\":\"EntryPoint\",\"urlTemplate\":\"https:\/\/euseguros.pt\/?s={search_term_string}\"},\"query-input\":\"required name=search_term_string\"}],\"inLanguage\":\"en-US\"},{\"@type\":\"Organization\",\"@id\":\"https:\/\/euseguros.pt\/#organization\",\"name\":\"Eu Seguros\",\"url\":\"https:\/\/euseguros.pt\/\",\"logo\":{\"@type\":\"ImageObject\",\"inLanguage\":\"en-US\",\"@id\":\"https:\/\/euseguros.pt\/#\/schema\/logo\/image\/\",\"url\":\"http:\/\/euseguros.pt\/wp-content\/uploads\/2019\/09\/Empresas-a-Criar.png\",\"contentUrl\":\"http:\/\/euseguros.pt\/wp-content\/uploads\/2019\/09\/Empresas-a-Criar.png\",\"width\":500,\"height\":500,\"caption\":\"Eu Seguros\"},\"image\":{\"@id\":\"https:\/\/euseguros.pt\/#\/schema\/logo\/image\/\"},\"sameAs\":[\"https:\/\/facebook.com\/eusegurosportugal\"]}]}<\/script>\n<!-- \/ Yoast SEO plugin. -->","yoast_head_json":{"title":"calculadora de empr\u00e9stimo banc\u00e1rio - EU Seguros","description":"calcula aqui o teu empr\u00e9stimo cr\u00e9dito-habita\u00e7\u00e3o.","robots":{"index":"index","follow":"follow","max-snippet":"max-snippet:-1","max-image-preview":"max-image-preview:large","max-video-preview":"max-video-preview:-1"},"canonical":"https:\/\/euseguros.pt\/en\/calculadora-de-emprestimo-bancario\/","og_locale":"en_US","og_type":"article","og_title":"calculadora de empr\u00e9stimo banc\u00e1rio - EU Seguros","og_description":"calcula aqui o teu empr\u00e9stimo cr\u00e9dito-habita\u00e7\u00e3o.","og_url":"https:\/\/euseguros.pt\/en\/calculadora-de-emprestimo-bancario\/","og_site_name":"EU Seguros","article_publisher":"https:\/\/facebook.com\/eusegurosportugal","article_modified_time":"2020-04-02T17:27:47+00:00","twitter_card":"summary_large_image","twitter_misc":{"Est. reading time":"2 minutes"},"schema":{"@context":"https:\/\/schema.org","@graph":[{"@type":"WebPage","@id":"https:\/\/euseguros.pt\/calculadora-de-emprestimo-bancario\/","url":"https:\/\/euseguros.pt\/calculadora-de-emprestimo-bancario\/","name":"calculadora de empr\u00e9stimo banc\u00e1rio - EU Seguros","isPartOf":{"@id":"https:\/\/euseguros.pt\/#website"},"datePublished":"2020-01-05T13:51:15+00:00","dateModified":"2020-04-02T17:27:47+00:00","description":"calcula aqui o teu empr\u00e9stimo cr\u00e9dito-habita\u00e7\u00e3o.","breadcrumb":{"@id":"https:\/\/euseguros.pt\/calculadora-de-emprestimo-bancario\/#breadcrumb"},"inLanguage":"en-US","potentialAction":[{"@type":"ReadAction","target":["https:\/\/euseguros.pt\/calculadora-de-emprestimo-bancario\/"]}]},{"@type":"BreadcrumbList","@id":"https:\/\/euseguros.pt\/calculadora-de-emprestimo-bancario\/#breadcrumb","itemListElement":[{"@type":"ListItem","position":1,"name":"Home","item":"https:\/\/euseguros.pt\/"},{"@type":"ListItem","position":2,"name":"calculadora de empr\u00e9stimo banc\u00e1rio"}]},{"@type":"WebSite","@id":"https:\/\/euseguros.pt\/#website","url":"https:\/\/euseguros.pt\/","name":"EU Seguros","description":"Independent Financial Advisory Services","publisher":{"@id":"https:\/\/euseguros.pt\/#organization"},"potentialAction":[{"@type":"SearchAction","target":{"@type":"EntryPoint","urlTemplate":"https:\/\/euseguros.pt\/?s={search_term_string}"},"query-input":"required name=search_term_string"}],"inLanguage":"en-US"},{"@type":"Organization","@id":"https:\/\/euseguros.pt\/#organization","name":"Eu Seguros","url":"https:\/\/euseguros.pt\/","logo":{"@type":"ImageObject","inLanguage":"en-US","@id":"https:\/\/euseguros.pt\/#\/schema\/logo\/image\/","url":"http:\/\/euseguros.pt\/wp-content\/uploads\/2019\/09\/Empresas-a-Criar.png","contentUrl":"http:\/\/euseguros.pt\/wp-content\/uploads\/2019\/09\/Empresas-a-Criar.png","width":500,"height":500,"caption":"Eu Seguros"},"image":{"@id":"https:\/\/euseguros.pt\/#\/schema\/logo\/image\/"},"sameAs":["https:\/\/facebook.com\/eusegurosportugal"]}]}},"_links":{"self":[{"href":"https:\/\/euseguros.pt\/en\/wp-json\/wp\/v2\/pages\/684"}],"collection":[{"href":"https:\/\/euseguros.pt\/en\/wp-json\/wp\/v2\/pages"}],"about":[{"href":"https:\/\/euseguros.pt\/en\/wp-json\/wp\/v2\/types\/page"}],"author":[{"embeddable":true,"href":"https:\/\/euseguros.pt\/en\/wp-json\/wp\/v2\/users\/1"}],"replies":[{"embeddable":true,"href":"https:\/\/euseguros.pt\/en\/wp-json\/wp\/v2\/comments?post=684"}],"version-history":[{"count":0,"href":"https:\/\/euseguros.pt\/en\/wp-json\/wp\/v2\/pages\/684\/revisions"}],"wp:attachment":[{"href":"https:\/\/euseguros.pt\/en\/wp-json\/wp\/v2\/media?parent=684"}],"curies":[{"name":"wp","href":"https:\/\/api.w.org\/{rel}","templated":true}]}}