{"id":8691,"date":"2025-01-22T12:04:42","date_gmt":"2025-01-22T12:04:42","guid":{"rendered":"https:\/\/euseguros.pt\/?page_id=8691"},"modified":"2025-01-22T12:31:41","modified_gmt":"2025-01-22T12:31:41","slug":"informacao-sobre-branqueamento-de-capitais-e-financiamento-do-terrorismo","status":"publish","type":"page","link":"https:\/\/euseguros.pt\/en\/informacao-sobre-branqueamento-de-capitais-e-financiamento-do-terrorismo\/","title":{"rendered":"Informacao Sobre Branqueamento de capitais e financiamento do terrorismo"},"content":{"rendered":"<p>[et_pb_section fb_built=&#8221;1&#8243; _builder_version=&#8221;4.21.0&#8243; _module_preset=&#8221;default&#8221; global_colors_info=&#8221;{}&#8221;][et_pb_row _builder_version=&#8221;4.21.0&#8243; _module_preset=&#8221;default&#8221; global_colors_info=&#8221;{}&#8221;][et_pb_column type=&#8221;4_4&#8243; _builder_version=&#8221;4.21.0&#8243; _module_preset=&#8221;default&#8221; global_colors_info=&#8221;{}&#8221;][et_pb_text _builder_version=&#8221;4.21.0&#8243; _module_preset=&#8221;default&#8221; hover_enabled=&#8221;0&#8243; global_colors_info=&#8221;{}&#8221; sticky_enabled=&#8221;0&#8243;]<\/p>\n<p>Branqueamento de capitais e financiamento do terrorismo<\/p>\n<p>O branqueamento de capitais \u00e9 o processo pelo qual os autores de<br \/>atividades criminosas encobrem a proveni\u00eancia dos bens e rendimentos<br \/>(vantagens) obtidos ilicitamente, transformando a liquidez decorrente dessas<br \/>atividades em capitais reutiliz\u00e1veis legalmente, por dissimula\u00e7\u00e3o da origem ou do<br \/>verdadeiro propriet\u00e1rio dos fundos.<br \/>No ordenamento jur\u00eddico portugu\u00eas, o branqueamento constitui um crime<br \/>previsto no artigo 368.\u00ba-A do C\u00f3digo Penal, pun\u00edvel com pena de pris\u00e3o de 2 a 12<br \/>anos.<br \/>No contexto da Lei n.\u00ba 83\/2017, e para efeito do cumprimento das normas<br \/>nela previstas, o conceito de BRANQUEAMENTO DE CAPITAIS abrange:<br \/>a) As condutas previstas e punidas pelo artigo 368.\u00ba-A do C\u00f3digo Penal;<br \/>b) A aquisi\u00e7\u00e3o, a deten\u00e7\u00e3o ou a utiliza\u00e7\u00e3o de bens, com conhecimento, no momento<br \/>da sua rece\u00e7\u00e3o, de que os mesmos prov\u00eam de uma atividade criminosa ou da<br \/>participa\u00e7\u00e3o numa atividade dessa natureza;<br \/>c) A participa\u00e7\u00e3o num dos atos a que se referem as al\u00edneas anteriores, a associa\u00e7\u00e3o<br \/>para praticar o referido ato, a tentativa e a cumplicidade na sua pr\u00e1tica, bem como<br \/>o facto de facilitar a sua execu\u00e7\u00e3o ou de aconselhar algu\u00e9m a pratic\u00e1-lo.<\/p>\n<p>Financiamento do Terrorismo<br \/>No ordenamento jur\u00eddico portugu\u00eas, a qualifica\u00e7\u00e3o do financiamento do<br \/>terrorismo como crime aut\u00f3nomo consta do artigo 5.\u00ba-A da Lei n.\u00ba 52\/2003, de<br \/>22 de agosto, sendo o mesmo pun\u00edvel com pena de pris\u00e3o de 8 a 15 anos.<br \/>A preven\u00e7\u00e3o e o combate a esta pr\u00e1tica criminosa constituem um enorme desafio.<br \/>Ao contr\u00e1rio do que sucede no branqueamento de capitais, em que o objetivo<br \/>fundamental do branqueador \u00e9 o de ocultar a origem dos fundos, no financiamento<br \/>do terrorismo um dos prop\u00f3sitos prim\u00e1rios dos financiadores \u00e9 o de ocultar a<br \/>finalidade a que os fundos se destinam, residindo uma das maiores dificuldades<br \/>no facto de, frequentemente, os montantes envolvidos serem relativamente baixos<br \/>ou mesmo de origem l\u00edcita, tornando mais dif\u00edcil a dete\u00e7\u00e3o das opera\u00e7\u00f5es em<br \/>causa.<br \/>Como proceder para comunicar opera\u00e7\u00f5es suspeitas:<br \/>OPERA\u00c7\u00d5ES SUSPEITAS | artigo 43.\u00ba da LBCFT<br \/>As entidades sujeitas ao cumprimento da Lei n.\u00ba 83\/2017, de 18 de agosto<br \/>(LBCFT) devem, por sua pr\u00f3pria iniciativa, informar de imediato a Unidade de<br \/>Informa\u00e7\u00e3o Financeira (UIF) e o Departamento Central de Investiga\u00e7\u00e3o e A\u00e7\u00e3o<br \/>Penal (DCIAP) sempre que saibam, suspeitem ou tenham raz\u00f5es suficientes para<br \/>suspeitar que certos fundos ou outros bens, independentemente do montante ou<br \/>valor envolvido, prov\u00eam de atividades criminosas ou est\u00e3o relacionados com o<br \/>financiamento do terrorismo, comunicando, para o efeito, todas as opera\u00e7\u00f5es<br \/>propostas, tentadas, em curso ou executadas.<\/p>\n<p>Para a realiza\u00e7\u00e3o das comunica\u00e7\u00f5es acima mencionadas, devem as<br \/>entidades reportantes utilizar \u2013 em simult\u00e2neo \u2013 os seguintes canais de<br \/>comunica\u00e7\u00e3o:<br \/>UNIDADE DE INFORMA\u00c7\u00c3O FINANCEIRA<br \/>uif.comunica\u00e7oes[@]pj.pt<br \/>PROCURADOR-GERAL DA REP\u00daBLICA | DIAP<br \/>uai.dciap[@]gr.pt<br \/>Como proceder para registar benefici\u00e1rios efetivos<br \/>CONSULTE O LINK: https:\/\/rcbe.justica.gov.pt\/<br \/>Como proceder para declarar o transporte f\u00edsico de dinheiro<br \/>CONSULTE O LINK: https:\/\/ infoaduaneiro.portaldasfinancas.gov.pt\/pt\/informacao_aduaneira\/viajantes\/controlo_<br \/>dinheiro\/Pages\/faq-formulario-decl.aspx<\/p>\n<p>https:\/\/ portalbcft.pt\/pt-pt<\/p>\n<p>Benefici\u00e1rio Efetivo<br \/>Nos termos da al\u00ednea h) do n.\u00ba 1 do artigo 2.\u00ba e do artigo 30.\u00ba da Lei n.\u00ba<br \/>83\/2017, de 18 de agosto, os benefici\u00e1rios efetivos s\u00e3o as pessoas singulares<br \/>que, em \u00faltima inst\u00e2ncia, det\u00eam a propriedade ou o controlo dos clientes das<br \/>entidades sujeitas ao cumprimento das normas preventivas do BC\/FT e\/ou as pessoas singulares por conta de quem \u00e9 realizada uma opera\u00e7\u00e3o ou<br \/>atividade, relevando para a determina\u00e7\u00e3o da qualidade de benefici\u00e1rio efetivo os<br \/>seguintes crit\u00e9rios:<br \/>1. No caso das ENTIDADES SOCIET\u00c1RIAS (quando n\u00e3o sejam sociedades com<br \/>a\u00e7\u00f5es admitidas \u00e0 negocia\u00e7\u00e3o em mercado regulamentado sujeitas a requisitos de<br \/>divulga\u00e7\u00e3o de informa\u00e7\u00f5es consent\u00e2neos com o direito da Uni\u00e3o Europeia ou<br \/>sujeitas a normas internacionais equivalentes que garantam suficiente<br \/>transpar\u00eancia das informa\u00e7\u00f5es relativas \u00e0 propriedade), consideram-se<br \/>benefici\u00e1rios efetivos das mesmas:<br \/>a) A pessoa ou pessoas singulares que, em \u00faltima inst\u00e2ncia, det\u00eam a propriedade<br \/>ou o controlo, direto ou indireto, de uma percentagem suficiente de a\u00e7\u00f5es ou dos<br \/>direitos de voto ou de participa\u00e7\u00e3o no capital de uma pessoa coletiva;<br \/>b) A pessoa ou pessoas singulares que exercem controlo por outros meios sobre<br \/>essa pessoa coletiva;<br \/>c) A pessoa ou pessoas singulares que det\u00eam a dire\u00e7\u00e3o de topo, se, depois de<br \/>esgotados todos os meios poss\u00edveis e na condi\u00e7\u00e3o de n\u00e3o haver motivos de<br \/>suspeita:<br \/>n\u00e3o tiver sido identificada nenhuma pessoa nos termos das al\u00edneas<br \/>anteriores; ou<br \/>subsistirem d\u00favidas de que a pessoa ou pessoas identificadas<br \/>sejam os benefici\u00e1rios efetivos.<br \/>Para efeitos de aferi\u00e7\u00e3o da qualidade de benefici\u00e1rio efetivo, e sem preju\u00edzo da<br \/>verifica\u00e7\u00e3o de quaisquer outros indicadores de controlo da entidade societ\u00e1ria<br \/>relevantes:<br \/>&#8211; Constitui um ind\u00edcio de propriedade direta a deten\u00e7\u00e3o, por uma pessoa<br \/>singular, de participa\u00e7\u00f5es representativas de mais de 25 % do capital social do<br \/>cliente;<\/p>\n<p>&#8211; Constitui um ind\u00edcio de propriedade indireta a deten\u00e7\u00e3o de participa\u00e7\u00f5es<br \/>representativas de mais de 25 % do capital social do cliente por:<br \/>\uf0a7 uma entidade societ\u00e1ria que esteja sob o controlo de uma ou<br \/>v\u00e1rias pessoas singulares; ou<br \/>\uf0a7 v\u00e1rias entidades societ\u00e1rias que estejam sob o controlo da mesma<br \/>pessoa ou das mesmas pessoas singulares.<br \/>2. No caso dos FUNDOS FIDUCI\u00c1RIOS (TRUSTS), consideram-se benefici\u00e1rios<br \/>efetivos dos mesmos:<br \/>a) O fundador (settlor);<br \/>b) O administrador ou administradores fiduci\u00e1rios (trustees) de fundos<br \/>fiduci\u00e1rios;<br \/>c) O curador, se aplic\u00e1vel;<br \/>d) Os benefici\u00e1rios ou, se os mesmos n\u00e3o tiverem sido ainda<br \/>determinados, a categoria de pessoas em cujo interesse principal o fundo<br \/>fiduci\u00e1rio (trust) foi constitu\u00eddo ou exerce a sua atividade;<br \/>e) Qualquer outra pessoa singular que detenha o controlo final do fundo<br \/>fiduci\u00e1rio (trust) atrav\u00e9s de participa\u00e7\u00e3o direta ou indireta ou atrav\u00e9s de<br \/>outros meios.<br \/>3. No caso das PESSOAS COLETIVAS DE NATUREZA N\u00c3O SOCIET\u00c1RIA (como as<br \/>funda\u00e7\u00f5es) e dos CENTROS DE INTERESSES COLETIVOS SEM PERSONALIDADE<\/p>\n<p>JUR\u00cdDICA DE NATUREZA AN\u00c1LOGA A FUNDOS FIDUCI\u00c1RIOS (TRUSTS),<br \/>consideram-se benefici\u00e1rios efetivos dos mesmos:<br \/>A pessoa ou pessoas singulares com posi\u00e7\u00f5es equivalentes ou similares \u00e0s<br \/>mencionadas para os fundos fiduci\u00e1rios (trusts).<\/p>\n<p>Pessoa Politicamente Exposta<br \/>Nos termos da al\u00ednea cc) do n.\u00ba 1 do artigo 2.\u00ba da Lei n.\u00ba 83\/2017, de 18 de<br \/>agosto, revestem a qualidade de pessoa politicamente exposta as pessoas<br \/>singulares que &#8211; em qualquer pa\u00eds ou jurisdi\u00e7\u00e3o &#8211; desempenhem, ou tenham<br \/>desempenhado nos \u00faltimos doze meses, as seguintes fun\u00e7\u00f5es p\u00fablicas<br \/>proeminentes de n\u00edvel superior:<br \/>a) Chefes de Estado, chefes de Governo e membros do Governo, designadamente<br \/>ministros, secret\u00e1rios e subsecret\u00e1rios de Estado ou equiparados;<br \/>b) Deputados;<\/p>\n<p>c) Ju\u00edzes do Tribunal Constitucional, do Supremo Tribunal de Justi\u00e7a, do<br \/>Supremo Tribunal Administrativo, do Tribunal de Contas, e membros de<br \/>supremos tribunais, tribunais constitucionais e de outros \u00f3rg\u00e3os judiciais de alto<br \/>n\u00edvel de outros estados e de organiza\u00e7\u00f5es internacionais;<br \/>d) Representantes da Rep\u00fablica e membros dos \u00f3rg\u00e3os de governo pr\u00f3prio de<br \/>regi\u00f5es aut\u00f3nomas;<br \/>e) Provedor de Justi\u00e7a, Conselheiros de Estado, e membros da Comiss\u00e3o<br \/>Nacional da Prote\u00e7\u00e3o de Dados, do Conselho Superior da Magistratura, do<br \/>Conselho Superior dos Tribunais Administrativos e Fiscais, da ProcuradoriaGeral da Rep\u00fablica, do Conselho Superior do Minist\u00e9rio P\u00fablico, do Conselho<br \/>Superior de Defesa Nacional, do Conselho Econ\u00f3mico e Social, e da Entidade<br \/>Reguladora para a Comunica\u00e7\u00e3o Social;<br \/>f) Chefes de miss\u00f5es diplom\u00e1ticas e de postos consulares;<br \/>g) Oficiais Generais das For\u00e7as Armadas em efetividade de servi\u00e7o;<br \/>h) Presidentes e vereadores com fun\u00e7\u00f5es executivas de c\u00e2maras municipais;<br \/>i) Membros de \u00f3rg\u00e3os de administra\u00e7\u00e3o e fiscaliza\u00e7\u00e3o de bancos centrais,<br \/>incluindo o Banco Central Europeu;<br \/>j) Membros de \u00f3rg\u00e3os de administra\u00e7\u00e3o e de fiscaliza\u00e7\u00e3o de institutos p\u00fablicos,<br \/>funda\u00e7\u00f5es p\u00fablicas, estabelecimentos p\u00fablicos e entidades administrativas<br \/>independentes, qualquer que seja o modo da sua designa\u00e7\u00e3o;<br \/>k) Membros de \u00f3rg\u00e3os de administra\u00e7\u00e3o e de fiscaliza\u00e7\u00e3o de entidades<br \/>pertencentes ao setor p\u00fablico empresarial, incluindo os setores empresarial,<br \/>regional e local;<br \/>l) Membros dos \u00f3rg\u00e3os executivos de dire\u00e7\u00e3o de partidos pol\u00edticos de \u00e2mbito<br \/>nacional ou regional;<br \/>m) Diretores, diretores-adjuntos e membros do conselho de administra\u00e7\u00e3o ou<br \/>pessoas que exercem fun\u00e7\u00f5es equivalentes numa organiza\u00e7\u00e3o internacional.<\/p>\n<p>As medidas refor\u00e7adas de identifica\u00e7\u00e3o e dilig\u00eancia que as entidades obrigadas<br \/>devem adotar relativamente aos seus clientes, aos representantes destes e aos<br \/>benefici\u00e1rios efetivos que revistam a qualidade de &#8220;pessoa politicamente exposta&#8221;,<br \/>s\u00e3o extensivas \u00e0s rela\u00e7\u00f5es de neg\u00f3cio ou transa\u00e7\u00f5es ocasionais com clientes,<br \/>representantes ou benefici\u00e1rios efetivos que sejam:<br \/>Membros pr\u00f3ximos da fam\u00edlia das pessoas politicamente expostas,<br \/>considerando-se como tal:<br \/>os ascendentes e descendentes diretos em linha reta de pessoa<br \/>politicamente exposta;<br \/>os c\u00f4njuges ou unidos de facto de pessoa politicamente exposta;<br \/>os c\u00f4njuges ou unidos de facto dos ascendentes e descendentes diretos<br \/>em linha reta de pessoa politicamente exposta.<br \/>Pessoas reconhecidas como estreitamente associadas a pessoas<br \/>politicamente expostas, considerando-se como tal:<br \/>qualquer pessoa singular, conhecida como compropriet\u00e1ria, com pessoa<br \/>politicamente exposta, de uma pessoa coletiva ou de um centro de<br \/>interesses coletivos sem personalidade jur\u00eddica;<br \/>qualquer pessoa singular que seja propriet\u00e1ria de capital social ou<br \/>detentora de direitos de voto de uma pessoa coletiva, ou de patrim\u00f3nio de<br \/>um centro de interesses coletivos sem personalidade jur\u00eddica, conhecidos<br \/>como tendo por benefici\u00e1rio efetivo pessoa politicamente exposta;<br \/>qualquer pessoa singular, conhecida como tendo rela\u00e7\u00f5es societ\u00e1rias,<br \/>comerciais ou profissionais com pessoa politicamente exposta.<\/p>\n<p>Titulares de outros cargos pol\u00edticos ou p\u00fablicos, considerando-se como tal<br \/>as pessoas singulares que, n\u00e3o revestindo a qualidade de &#8220;pessoa politicamente<br \/>exposta&#8221;, desempenhem ou tenham desempenhado nos \u00faltimos 12 meses &#8211; em<br \/>territ\u00f3rio nacional &#8211; algum dos seguintes cargos:<br \/>cargos enumerados no n.\u00ba 3 do artigo 4.\u00ba da Lei n.\u00ba 4\/83, de 2 de abril;<br \/>membro de \u00f3rg\u00e3o representativo ou executivo de \u00e1rea metropolitana ou<br \/>de outras formas de associativismo municipal.<\/p>\n<p>\u00c9 esperado em Portugal:<br \/>(i) colaborar com as autoridades competentes na preven\u00e7\u00e3o e combate ao branqueamento de capitais e ao financiamento do terrorismo, designadamente informando o Departamento Central de Investiga\u00e7\u00e3o e A\u00e7\u00e3o Penal da Procuradoria-Geral da Rep\u00fablica (\u201cDCIAP\u201d) e a Unidade de Informa\u00e7\u00e3o Financeira (\u201cUIF\u201d), atrav\u00e9s do Respons\u00e1vel pelo Cumprimento Normativo, sempre que se saiba, suspeite ou tenha raz\u00f5es suficientes para suspeitar, que certos fundos ou outros bens, independentemente do montante ou do valor envolvido, prov\u00eam de atividades relacionadas com crimes de corrup\u00e7\u00e3o ou infra\u00e7\u00f5es conexas, branqueamento de capitais ou financiamento do terrorismo;<\/p>\n<p>(ii) Abster sempre de executar qualquer opera\u00e7\u00e3o ou conjunto de opera\u00e7\u00f5es, presentes ou futuras, que saiba ou que suspeite estar associadas a fundos ou outros bens, provenientes ou relacionados com a pr\u00e1tica de atividades criminosas ou com o financiamento do terrorismo e informar, de imediato, de tal ser\u00e1 transmitido ao DCIAP e \u00e0 UIF tal absten\u00e7\u00e3o.<\/p>\n<p>[\/et_pb_text][\/et_pb_column][\/et_pb_row][\/et_pb_section]<\/p>","protected":false},"excerpt":{"rendered":"<p>Branqueamento de capitais e financiamento do terrorismo O branqueamento de capitais \u00e9 o processo pelo qual os autores deatividades criminosas encobrem a proveni\u00eancia dos bens e rendimentos(vantagens) obtidos ilicitamente, transformando a liquidez decorrente dessasatividades em capitais reutiliz\u00e1veis legalmente, por dissimula\u00e7\u00e3o da origem ou doverdadeiro propriet\u00e1rio dos fundos.No ordenamento jur\u00eddico portugu\u00eas, o branqueamento constitui um crimeprevisto [&hellip;]<\/p>","protected":false},"author":1,"featured_media":0,"parent":0,"menu_order":0,"comment_status":"closed","ping_status":"closed","template":"","meta":{"_et_pb_use_builder":"on","_et_pb_old_content":"","_et_gb_content_width":"","footnotes":""},"yoast_head":"<!-- This site is optimized with the Yoast SEO plugin v21.8 - https:\/\/yoast.com\/wordpress\/plugins\/seo\/ -->\n<title>Informacao Sobre Branqueamento de capitais e financiamento do terrorismo - EU Seguros<\/title>\n<meta name=\"robots\" content=\"index, follow, max-snippet:-1, max-image-preview:large, max-video-preview:-1\" \/>\n<link rel=\"canonical\" href=\"https:\/\/euseguros.pt\/en\/informacao-sobre-branqueamento-de-capitais-e-financiamento-do-terrorismo\/\" \/>\n<meta property=\"og:locale\" content=\"en_US\" \/>\n<meta property=\"og:type\" content=\"article\" \/>\n<meta property=\"og:title\" content=\"Informacao Sobre Branqueamento de capitais e financiamento do terrorismo - EU Seguros\" \/>\n<meta property=\"og:description\" content=\"Branqueamento de capitais e financiamento do terrorismo O branqueamento de capitais \u00e9 o processo pelo qual os autores deatividades criminosas encobrem a proveni\u00eancia dos bens e rendimentos(vantagens) obtidos ilicitamente, transformando a liquidez decorrente dessasatividades em capitais reutiliz\u00e1veis legalmente, por dissimula\u00e7\u00e3o da origem ou doverdadeiro propriet\u00e1rio dos fundos.No ordenamento jur\u00eddico portugu\u00eas, o branqueamento constitui um crimeprevisto [&hellip;]\" \/>\n<meta property=\"og:url\" content=\"https:\/\/euseguros.pt\/en\/informacao-sobre-branqueamento-de-capitais-e-financiamento-do-terrorismo\/\" \/>\n<meta property=\"og:site_name\" content=\"EU Seguros\" \/>\n<meta property=\"article:publisher\" content=\"https:\/\/facebook.com\/eusegurosportugal\" \/>\n<meta property=\"article:modified_time\" content=\"2025-01-22T12:31:41+00:00\" \/>\n<meta name=\"twitter:card\" content=\"summary_large_image\" \/>\n<meta name=\"twitter:label1\" content=\"Est. reading time\" \/>\n\t<meta name=\"twitter:data1\" content=\"7 minutes\" \/>\n<script type=\"application\/ld+json\" class=\"yoast-schema-graph\">{\"@context\":\"https:\/\/schema.org\",\"@graph\":[{\"@type\":\"WebPage\",\"@id\":\"https:\/\/euseguros.pt\/informacao-sobre-branqueamento-de-capitais-e-financiamento-do-terrorismo\/\",\"url\":\"https:\/\/euseguros.pt\/informacao-sobre-branqueamento-de-capitais-e-financiamento-do-terrorismo\/\",\"name\":\"Informacao Sobre Branqueamento de capitais e financiamento do terrorismo - EU Seguros\",\"isPartOf\":{\"@id\":\"https:\/\/euseguros.pt\/#website\"},\"datePublished\":\"2025-01-22T12:04:42+00:00\",\"dateModified\":\"2025-01-22T12:31:41+00:00\",\"breadcrumb\":{\"@id\":\"https:\/\/euseguros.pt\/informacao-sobre-branqueamento-de-capitais-e-financiamento-do-terrorismo\/#breadcrumb\"},\"inLanguage\":\"en-US\",\"potentialAction\":[{\"@type\":\"ReadAction\",\"target\":[\"https:\/\/euseguros.pt\/informacao-sobre-branqueamento-de-capitais-e-financiamento-do-terrorismo\/\"]}]},{\"@type\":\"BreadcrumbList\",\"@id\":\"https:\/\/euseguros.pt\/informacao-sobre-branqueamento-de-capitais-e-financiamento-do-terrorismo\/#breadcrumb\",\"itemListElement\":[{\"@type\":\"ListItem\",\"position\":1,\"name\":\"Home\",\"item\":\"https:\/\/euseguros.pt\/\"},{\"@type\":\"ListItem\",\"position\":2,\"name\":\"Informacao Sobre Branqueamento de capitais e financiamento do terrorismo\"}]},{\"@type\":\"WebSite\",\"@id\":\"https:\/\/euseguros.pt\/#website\",\"url\":\"https:\/\/euseguros.pt\/\",\"name\":\"EU Seguros\",\"description\":\"Independent Financial Advisory Services\",\"publisher\":{\"@id\":\"https:\/\/euseguros.pt\/#organization\"},\"potentialAction\":[{\"@type\":\"SearchAction\",\"target\":{\"@type\":\"EntryPoint\",\"urlTemplate\":\"https:\/\/euseguros.pt\/?s={search_term_string}\"},\"query-input\":\"required name=search_term_string\"}],\"inLanguage\":\"en-US\"},{\"@type\":\"Organization\",\"@id\":\"https:\/\/euseguros.pt\/#organization\",\"name\":\"Eu Seguros\",\"url\":\"https:\/\/euseguros.pt\/\",\"logo\":{\"@type\":\"ImageObject\",\"inLanguage\":\"en-US\",\"@id\":\"https:\/\/euseguros.pt\/#\/schema\/logo\/image\/\",\"url\":\"http:\/\/euseguros.pt\/wp-content\/uploads\/2019\/09\/Empresas-a-Criar.png\",\"contentUrl\":\"http:\/\/euseguros.pt\/wp-content\/uploads\/2019\/09\/Empresas-a-Criar.png\",\"width\":500,\"height\":500,\"caption\":\"Eu Seguros\"},\"image\":{\"@id\":\"https:\/\/euseguros.pt\/#\/schema\/logo\/image\/\"},\"sameAs\":[\"https:\/\/facebook.com\/eusegurosportugal\"]}]}<\/script>\n<!-- \/ Yoast SEO plugin. -->","yoast_head_json":{"title":"Informacao Sobre Branqueamento de capitais e financiamento do terrorismo - EU Seguros","robots":{"index":"index","follow":"follow","max-snippet":"max-snippet:-1","max-image-preview":"max-image-preview:large","max-video-preview":"max-video-preview:-1"},"canonical":"https:\/\/euseguros.pt\/en\/informacao-sobre-branqueamento-de-capitais-e-financiamento-do-terrorismo\/","og_locale":"en_US","og_type":"article","og_title":"Informacao Sobre Branqueamento de capitais e financiamento do terrorismo - EU Seguros","og_description":"Branqueamento de capitais e financiamento do terrorismo O branqueamento de capitais \u00e9 o processo pelo qual os autores deatividades criminosas encobrem a proveni\u00eancia dos bens e rendimentos(vantagens) obtidos ilicitamente, transformando a liquidez decorrente dessasatividades em capitais reutiliz\u00e1veis legalmente, por dissimula\u00e7\u00e3o da origem ou doverdadeiro propriet\u00e1rio dos fundos.No ordenamento jur\u00eddico portugu\u00eas, o branqueamento constitui um crimeprevisto [&hellip;]","og_url":"https:\/\/euseguros.pt\/en\/informacao-sobre-branqueamento-de-capitais-e-financiamento-do-terrorismo\/","og_site_name":"EU Seguros","article_publisher":"https:\/\/facebook.com\/eusegurosportugal","article_modified_time":"2025-01-22T12:31:41+00:00","twitter_card":"summary_large_image","twitter_misc":{"Est. reading time":"7 minutes"},"schema":{"@context":"https:\/\/schema.org","@graph":[{"@type":"WebPage","@id":"https:\/\/euseguros.pt\/informacao-sobre-branqueamento-de-capitais-e-financiamento-do-terrorismo\/","url":"https:\/\/euseguros.pt\/informacao-sobre-branqueamento-de-capitais-e-financiamento-do-terrorismo\/","name":"Informacao Sobre Branqueamento de capitais e financiamento do terrorismo - EU Seguros","isPartOf":{"@id":"https:\/\/euseguros.pt\/#website"},"datePublished":"2025-01-22T12:04:42+00:00","dateModified":"2025-01-22T12:31:41+00:00","breadcrumb":{"@id":"https:\/\/euseguros.pt\/informacao-sobre-branqueamento-de-capitais-e-financiamento-do-terrorismo\/#breadcrumb"},"inLanguage":"en-US","potentialAction":[{"@type":"ReadAction","target":["https:\/\/euseguros.pt\/informacao-sobre-branqueamento-de-capitais-e-financiamento-do-terrorismo\/"]}]},{"@type":"BreadcrumbList","@id":"https:\/\/euseguros.pt\/informacao-sobre-branqueamento-de-capitais-e-financiamento-do-terrorismo\/#breadcrumb","itemListElement":[{"@type":"ListItem","position":1,"name":"Home","item":"https:\/\/euseguros.pt\/"},{"@type":"ListItem","position":2,"name":"Informacao Sobre Branqueamento de capitais e financiamento do terrorismo"}]},{"@type":"WebSite","@id":"https:\/\/euseguros.pt\/#website","url":"https:\/\/euseguros.pt\/","name":"EU Seguros","description":"Independent Financial Advisory Services","publisher":{"@id":"https:\/\/euseguros.pt\/#organization"},"potentialAction":[{"@type":"SearchAction","target":{"@type":"EntryPoint","urlTemplate":"https:\/\/euseguros.pt\/?s={search_term_string}"},"query-input":"required name=search_term_string"}],"inLanguage":"en-US"},{"@type":"Organization","@id":"https:\/\/euseguros.pt\/#organization","name":"Eu Seguros","url":"https:\/\/euseguros.pt\/","logo":{"@type":"ImageObject","inLanguage":"en-US","@id":"https:\/\/euseguros.pt\/#\/schema\/logo\/image\/","url":"http:\/\/euseguros.pt\/wp-content\/uploads\/2019\/09\/Empresas-a-Criar.png","contentUrl":"http:\/\/euseguros.pt\/wp-content\/uploads\/2019\/09\/Empresas-a-Criar.png","width":500,"height":500,"caption":"Eu Seguros"},"image":{"@id":"https:\/\/euseguros.pt\/#\/schema\/logo\/image\/"},"sameAs":["https:\/\/facebook.com\/eusegurosportugal"]}]}},"_links":{"self":[{"href":"https:\/\/euseguros.pt\/en\/wp-json\/wp\/v2\/pages\/8691"}],"collection":[{"href":"https:\/\/euseguros.pt\/en\/wp-json\/wp\/v2\/pages"}],"about":[{"href":"https:\/\/euseguros.pt\/en\/wp-json\/wp\/v2\/types\/page"}],"author":[{"embeddable":true,"href":"https:\/\/euseguros.pt\/en\/wp-json\/wp\/v2\/users\/1"}],"replies":[{"embeddable":true,"href":"https:\/\/euseguros.pt\/en\/wp-json\/wp\/v2\/comments?post=8691"}],"version-history":[{"count":4,"href":"https:\/\/euseguros.pt\/en\/wp-json\/wp\/v2\/pages\/8691\/revisions"}],"predecessor-version":[{"id":8696,"href":"https:\/\/euseguros.pt\/en\/wp-json\/wp\/v2\/pages\/8691\/revisions\/8696"}],"wp:attachment":[{"href":"https:\/\/euseguros.pt\/en\/wp-json\/wp\/v2\/media?parent=8691"}],"curies":[{"name":"wp","href":"https:\/\/api.w.org\/{rel}","templated":true}]}}